{"id":2135,"date":"2026-03-25T20:40:07","date_gmt":"2026-03-25T20:40:07","guid":{"rendered":"https:\/\/floreslawmiami.com\/?page_id=2135"},"modified":"2026-04-07T01:04:16","modified_gmt":"2026-04-07T01:04:16","slug":"abogados-de-accidentes-de-auto-en-florida","status":"publish","type":"page","link":"https:\/\/floreslawmiami.com\/es\/auto-accidents-attorneys-in-florida\/","title":{"rendered":"Abogados de accidentes de auto en Florida"},"content":{"rendered":"<p>Somos un bufete de abogados de accidentes de auto con m\u00e1s de 30 a\u00f1os de experiencia. Hemos ayudado a muchas v\u00edctimas de accidentes de auto con el complejo proceso legal despu\u00e9s de accidentes graves. Cuando un conductor negligente cambia su vida en un instante, usted necesita m\u00e1s que un abogado de accidentes de auto. Necesita un defensor que entienda los problemas legales y m\u00e9dicos, a menudo complejos, asociados con los casos de lesiones personales.<\/p>\n\n\n\n<figure class=\"wp-block-image\"><img alt=\"\" loading=\"lazy\" decoding=\"async\" width=\"1024\" height=\"576\" src=\"https:\/\/floreslawmiami.com\/wp-content\/uploads\/2026\/03\/Add-a-little-bit-of-body-text-1024x576-1.png\" class=\"wp-image-1680\" title=\"A\u00f1ade un poco de texto\" srcset=\"https:\/\/floreslawmiami.com\/wp-content\/uploads\/2026\/03\/Add-a-little-bit-of-body-text-1024x576-1.png 1024w, https:\/\/floreslawmiami.com\/wp-content\/uploads\/2026\/03\/Add-a-little-bit-of-body-text-1024x576-1-300x169.png 300w, https:\/\/floreslawmiami.com\/wp-content\/uploads\/2026\/03\/Add-a-little-bit-of-body-text-1024x576-1-768x432.png 768w\" sizes=\"auto, (max-width: 1024px) 100vw, 1024px\" \/><\/figure>\n\n\n\n<h2 class=\"wp-block-heading\" id=\"car-accidents-do-not-just-happen-they-are-caused\">Los Accidentes de Auto No Solo Ocurren, Son Causados<\/h2>\n\n\n\n<p>En el Bufete de Abogados Jorge L. Flores, P.A., podemos ayudarle. Despu\u00e9s de un accidente de auto, las v\u00edctimas enfrentan facturas m\u00e9dicas y aseguradoras agresivas. Tambi\u00e9n deben demostrar qui\u00e9n tuvo la culpa. Como su abogado de lesiones personales, conocemos las t\u00e1cticas que usan las compa\u00f1\u00edas de seguros para ofrecer acuerdos bajos. Cada caso de accidente de auto tiene desaf\u00edos \u00fanicos. Lesiones menores pueden convertirse en condiciones graves. Puede haber problemas complejos de responsabilidad. Cada caso necesita un enfoque estrat\u00e9gico para obtener la mejor recuperaci\u00f3n.<\/p>\n\n\n\n<h2 class=\"wp-block-heading\" id=\"car-accident-rights\">Derechos en Accidentes de Auto<\/h2>\n\n\n\n<p>Cuando las v\u00edctimas de lesiones tratan de manejar las reclamaciones por su cuenta, las compa\u00f1\u00edas de seguros se aprovechan. Como su abogado de accidentes, nos encargaremos de toda la comunicaci\u00f3n con las aseguradoras. Vamos a documentar sus lesiones y construir un caso fuerte para la compensaci\u00f3n m\u00e1xima en su caso. Trabajamos en base a honorarios de contingencia \u2014 usted no paga nada a menos que ganemos su caso.<\/p>\n\n\n\n<figure class=\"wp-block-image\"><img alt=\"\" loading=\"lazy\" decoding=\"async\" width=\"564\" height=\"500\" src=\"https:\/\/floreslawmiami.com\/wp-content\/uploads\/2026\/03\/Untitled-design-89.png\" class=\"wp-image-1678\" title=\"Dise\u00f1o sin t\u00edtulo (89)\" srcset=\"https:\/\/floreslawmiami.com\/wp-content\/uploads\/2026\/03\/Untitled-design-89.png 564w, https:\/\/floreslawmiami.com\/wp-content\/uploads\/2026\/03\/Untitled-design-89-300x266.png 300w\" sizes=\"auto, (max-width: 564px) 100vw, 564px\" \/><\/figure>\n\n\n\n<h2 class=\"wp-block-heading\" id=\"proving-fault-in-car-accident-cases\">C\u00f3mo Probar la Culpa en Casos de Accidentes de Auto<\/h2>\n\n\n\n<p>Para probar la responsabilidad en un choque por distracci\u00f3n o conducci\u00f3n imprudente, se debe investigar a fondo la escena del accidente. Los casos modernos de accidentes de auto utilizan m\u00faltiples fuentes de evidencia; el informe policial proporciona la documentaci\u00f3n inicial, pero nosotros vamos m\u00e1s all\u00e1. Los veh\u00edculos de hoy registran la velocidad, el frenado y las fuerzas de impacto. Las c\u00e1maras de tr\u00e1fico capturan la secuencia del choque. Los registros del celular pueden probar la distracci\u00f3n del conductor. Esta evidencia t\u00e9cnica es a menudo la clave en casos de responsabilidad disputada con la compa\u00f1\u00eda de seguros del conductor culpable.<\/p>\n\n\n\n<h3 class=\"wp-block-heading\" id=\"serious-injury-cases\">Casos de Lesiones Graves<\/h3>\n\n\n\n<p>Las lesiones cerebrales, el trauma espinal y otras lesiones graves requieren conocimiento legal especializado. Como abogados de lesiones personales, nos enfocamos en casos de accidentes de auto. Sabemos c\u00f3mo documentar y demostrar los efectos a largo plazo de las lesiones catastr\u00f3ficas. Trabajamos con expertos m\u00e9dicos. Queremos que su acuerdo o veredicto del jurado refleje sus lesiones y necesidades m\u00e9dicas futuras.<\/p>\n\n\n\n<h3 class=\"wp-block-heading\" id=\"value-of-your-car-accident\">Valor de su Accidente de Auto<\/h3>\n\n\n\n<p>Las reclamaciones por lesiones personales tienen un amplio rango de valores. Las compa\u00f1\u00edas de seguros basan los acuerdos promedio en registros m\u00e9dicos, salarios perdidos y da\u00f1os a la propiedad. Pero los abogados experimentados en accidentes de auto saben que el dolor y sufrimiento son a menudo la parte m\u00e1s grande de una compensaci\u00f3n justa. Hemos desarrollado estrategias para documentar tanto los da\u00f1os econ\u00f3micos como los no econ\u00f3micos para obtener la mayor compensaci\u00f3n posible.<\/p>\n\n\n\n<h2 class=\"wp-block-heading\" id=\"complex-car-accidents-require-experienced-representation\">Accidentes Complejos Requieren Representaci\u00f3n<\/h2>\n\n\n\n<p>Los accidentes de veh\u00edculos comerciales, los choques con fuga y las colisiones de m\u00faltiples veh\u00edculos son \u00fanicos. Estos casos involucran m\u00faltiples aseguradoras y problemas complejos de responsabilidad. Tambi\u00e9n incluyen argumentos sobre culpa comparativa. Hemos manejado miles de accidentes de veh\u00edculos complejos. Exploraremos todas las fuentes de compensaci\u00f3n.<\/p>\n\n\n\n<figure class=\"wp-block-image\"><img alt=\"\" loading=\"lazy\" decoding=\"async\" width=\"800\" height=\"800\" src=\"https:\/\/floreslawmiami.com\/wp-content\/uploads\/2026\/03\/Untitled-design-2025-02-21T132624.944.png\" class=\"wp-image-1681\" title=\"Dise\u00f1o sin t\u00edtulo - 2025-02-21T132624.944\" srcset=\"https:\/\/floreslawmiami.com\/wp-content\/uploads\/2026\/03\/Untitled-design-2025-02-21T132624.944.png 800w, https:\/\/floreslawmiami.com\/wp-content\/uploads\/2026\/03\/Untitled-design-2025-02-21T132624.944-300x300.png 300w, https:\/\/floreslawmiami.com\/wp-content\/uploads\/2026\/03\/Untitled-design-2025-02-21T132624.944-150x150.png 150w, https:\/\/floreslawmiami.com\/wp-content\/uploads\/2026\/03\/Untitled-design-2025-02-21T132624.944-768x768.png 768w\" sizes=\"auto, (max-width: 800px) 100vw, 800px\" \/><\/figure>\n\n\n\n<h2 class=\"wp-block-heading\" id=\"thorough-insurance-claim-documentation\">Documentaci\u00f3n exhaustiva de las reclamaciones de seguros<\/h2>\n\n\n\n<p>Los ajustadores de seguros comienzan a construir su defensa tan pronto como ocurre el accidente. Saben que las lesiones por accidentes de auto empeoran con el tiempo, as\u00ed que intentan ofrecer acuerdos r\u00e1pidos y bajos antes de que se conozca el alcance total de sus facturas m\u00e9dicas. Como abogados de accidentes de auto, hemos visto ofertas iniciales de $15,000 convertirse en acuerdos de seis cifras una vez que documentamos sus lesiones y necesidades de atenci\u00f3n m\u00e9dica futura.<\/p>\n\n\n\n<figure class=\"wp-block-image\"><img alt=\"\" decoding=\"async\" src=\"https:\/\/floreslawmiami.com\/wp-content\/uploads\/2026\/03\/Untitled-design-2025-06-30T155138.576-2.png\" class=\"wp-image-1679\" title=\"Dise\u00f1o sin t\u00edtulo - 2025-06-30T155138.576\"\/><\/figure>\n\n\n\n<h2 class=\"wp-block-heading\" id=\"what-to-do-and-what-not-to-do-after-your-car-accident\">Qu\u00e9 Hacer y Qu\u00e9 No Hacer Despu\u00e9s de su Accidente de Auto<\/h2>\n\n\n\n<p>Las decisiones que usted tome despu\u00e9s de su accidente de auto impactar\u00e1n su caso. Cada caso de lesiones personales merece atenci\u00f3n individual y un enfoque personalizado. Nuestra consulta gratuita le ayudar\u00e1 a entender sus opciones y el camino hacia la m\u00e1xima recuperaci\u00f3n.<\/p>","protected":false},"excerpt":{"rendered":"<p>We are a car accident law firm with over 30 years of experience. We have helped many car accident victims with the complex legal process after serious accidents. When a negligent driver changes your life in an instant, you need more than a car accident attorney. You need an advocate who understands the legal and [&hellip;]<\/p>\n","protected":false},"author":1,"featured_media":0,"parent":0,"menu_order":0,"comment_status":"closed","ping_status":"closed","template":"","meta":{"_seopress_robots_primary_cat":"","_seopress_titles_title":"","_seopress_titles_desc":"","_seopress_robots_index":"","_gspb_post_css":"","footnotes":""},"class_list":["post-2135","page","type-page","status-publish","hentry"],"blocksy_meta":[],"_links":{"self":[{"href":"https:\/\/floreslawmiami.com\/es\/wp-json\/wp\/v2\/pages\/2135","targetHints":{"allow":["GET"]}}],"collection":[{"href":"https:\/\/floreslawmiami.com\/es\/wp-json\/wp\/v2\/pages"}],"about":[{"href":"https:\/\/floreslawmiami.com\/es\/wp-json\/wp\/v2\/types\/page"}],"author":[{"embeddable":true,"href":"https:\/\/floreslawmiami.com\/es\/wp-json\/wp\/v2\/users\/1"}],"replies":[{"embeddable":true,"href":"https:\/\/floreslawmiami.com\/es\/wp-json\/wp\/v2\/comments?post=2135"}],"version-history":[{"count":3,"href":"https:\/\/floreslawmiami.com\/es\/wp-json\/wp\/v2\/pages\/2135\/revisions"}],"predecessor-version":[{"id":2179,"href":"https:\/\/floreslawmiami.com\/es\/wp-json\/wp\/v2\/pages\/2135\/revisions\/2179"}],"wp:attachment":[{"href":"https:\/\/floreslawmiami.com\/es\/wp-json\/wp\/v2\/media?parent=2135"}],"curies":[{"name":"wp","href":"https:\/\/api.w.org\/{rel}","templated":true}]}}