{"id":1712,"date":"2026-03-05T19:21:47","date_gmt":"2026-03-05T19:21:47","guid":{"rendered":"https:\/\/floreslawmiami.com\/?page_id=1712"},"modified":"2026-03-05T19:21:48","modified_gmt":"2026-03-05T19:21:48","slug":"accidente-de-barco-florida","status":"publish","type":"page","link":"https:\/\/floreslawmiami.com\/es\/boat-accident-florida\/","title":{"rendered":"Abogados de accidentes de embarcaciones en Florida"},"content":{"rendered":"<p>Si bien la navegaci\u00f3n puede ser una actividad recreativa y relajante cuando se disfruta de manera segura, un producto defectuoso en una embarcaci\u00f3n o un operador negligente puede arruinar su d\u00eda en el agua y causar lesiones graves. Los accidentes de embarcaciones pueden provocar ahogamiento y lesiones personales serias. Entre las lesiones m\u00e1s comunes relacionadas con accidentes de embarcaciones se encuentran amputaciones, lesiones cerebrales, par\u00e1lisis, lesiones de la m\u00e9dula espinal y lesiones en menores.<\/p>\n\n\n\n<figure class=\"wp-block-image\"><img alt=\"\" loading=\"lazy\" decoding=\"async\" width=\"1024\" height=\"559\" src=\"https:\/\/floreslawmiami.com\/wp-content\/uploads\/2026\/03\/Untitled-1980-x-1080-px-11-1024x559-1.png\" class=\"wp-image-1717\" title=\"Sin t\u00edtulo (1980 x 1080 px) (11)\" srcset=\"https:\/\/floreslawmiami.com\/wp-content\/uploads\/2026\/03\/Untitled-1980-x-1080-px-11-1024x559-1.png 1024w, https:\/\/floreslawmiami.com\/wp-content\/uploads\/2026\/03\/Untitled-1980-x-1080-px-11-1024x559-1-300x164.png 300w, https:\/\/floreslawmiami.com\/wp-content\/uploads\/2026\/03\/Untitled-1980-x-1080-px-11-1024x559-1-768x419.png 768w\" sizes=\"auto, (max-width: 1024px) 100vw, 1024px\" \/><\/figure>\n\n\n\n<h2 class=\"wp-block-heading\" id=\"boating-accidents-in-florida\">Accidentes de navegaci\u00f3n en Florida<\/h2>\n\n\n\n<p>Seg\u00fan la Comisi\u00f3n de Conservaci\u00f3n de Pesca y Vida Silvestre de Florida, en 2009 Florida lider\u00f3 la naci\u00f3n en el n\u00famero total de accidentes de navegaci\u00f3n, con 620. El consumo de alcohol, junto con la inexperiencia del operador, la negligencia o la falta de atenci\u00f3n, son las principales causas de los accidentes de embarcaciones en Florida. Las personas lesionadas en accidentes de navegaci\u00f3n causados por terceros pueden tener derecho a recuperar p\u00e9rdidas relacionadas con el accidente, incluidos los gastos m\u00e9dicos presentes y futuros, la p\u00e9rdida de ingresos y los da\u00f1os por dolor y sufrimiento.<\/p>\n\n\n\n<figure class=\"wp-block-image\"><img alt=\"\" loading=\"lazy\" decoding=\"async\" width=\"1024\" height=\"1024\" src=\"https:\/\/floreslawmiami.com\/wp-content\/uploads\/2026\/03\/ChatGPT-Image-Apr-2-2025-01_18_11-PM.png\" class=\"wp-image-1716\" title=\"ChatGPT Image Apr 2, 2025, 01_18_11 PM\" srcset=\"https:\/\/floreslawmiami.com\/wp-content\/uploads\/2026\/03\/ChatGPT-Image-Apr-2-2025-01_18_11-PM.png 1024w, https:\/\/floreslawmiami.com\/wp-content\/uploads\/2026\/03\/ChatGPT-Image-Apr-2-2025-01_18_11-PM-300x300.png 300w, https:\/\/floreslawmiami.com\/wp-content\/uploads\/2026\/03\/ChatGPT-Image-Apr-2-2025-01_18_11-PM-150x150.png 150w, https:\/\/floreslawmiami.com\/wp-content\/uploads\/2026\/03\/ChatGPT-Image-Apr-2-2025-01_18_11-PM-768x768.png 768w\" sizes=\"auto, (max-width: 1024px) 100vw, 1024px\" \/><\/figure>\n\n\n\n<figure class=\"wp-block-image\"><img alt=\"\" loading=\"lazy\" decoding=\"async\" width=\"800\" height=\"800\" src=\"https:\/\/floreslawmiami.com\/wp-content\/uploads\/2026\/03\/Untitled-design-2025-06-30T143754.480-1.png\" class=\"wp-image-1715\" title=\"Dise\u00f1o sin t\u00edtulo - 2025-06-30T143754.480\" srcset=\"https:\/\/floreslawmiami.com\/wp-content\/uploads\/2026\/03\/Untitled-design-2025-06-30T143754.480-1.png 800w, https:\/\/floreslawmiami.com\/wp-content\/uploads\/2026\/03\/Untitled-design-2025-06-30T143754.480-1-300x300.png 300w, https:\/\/floreslawmiami.com\/wp-content\/uploads\/2026\/03\/Untitled-design-2025-06-30T143754.480-1-150x150.png 150w, https:\/\/floreslawmiami.com\/wp-content\/uploads\/2026\/03\/Untitled-design-2025-06-30T143754.480-1-768x768.png 768w\" sizes=\"auto, (max-width: 800px) 100vw, 800px\" \/><\/figure>\n\n\n\n<h2 class=\"wp-block-heading\" id=\"understanding-compensatory-and-punitive-damages\">Comprensi\u00f3n de los da\u00f1os compensatorios y punitivos<\/h2>\n\n\n\n<p>Los da\u00f1os compensatorios se otorgan para compensar al cliente por sus lesiones. Por otro lado, los da\u00f1os punitivos est\u00e1n dise\u00f1ados para ir m\u00e1s all\u00e1 de la compensaci\u00f3n a la v\u00edctima. Un tribunal concede da\u00f1os punitivos cuando busca castigar al responsable y disuadir a otros de incurrir en conductas igualmente reprochables. Cuando las acciones de un operador de embarcaci\u00f3n son extremadamente peligrosas y dichas conductas resultan en lesiones a un tercero, ese tercero puede tener derecho a da\u00f1os punitivos.<\/p>","protected":false},"excerpt":{"rendered":"<p>While boating can be a relaxing pastime when enjoyed safely, a defective product on a boat or a careless boat driver can ruin your day on the water and cause serious injuries. Boat accidents can lead to drowning and serious personal injuries. Among the most prevalent injuries related to boat accidents are amputations, brain injuries, [&hellip;]<\/p>\n","protected":false},"author":1,"featured_media":0,"parent":0,"menu_order":0,"comment_status":"closed","ping_status":"closed","template":"","meta":{"_seopress_robots_primary_cat":"","_seopress_titles_title":"Boat Accident Attorneys in Florida","_seopress_titles_desc":"","_seopress_robots_index":"","_gspb_post_css":"","footnotes":""},"class_list":["post-1712","page","type-page","status-publish","hentry"],"blocksy_meta":[],"_links":{"self":[{"href":"https:\/\/floreslawmiami.com\/es\/wp-json\/wp\/v2\/pages\/1712","targetHints":{"allow":["GET"]}}],"collection":[{"href":"https:\/\/floreslawmiami.com\/es\/wp-json\/wp\/v2\/pages"}],"about":[{"href":"https:\/\/floreslawmiami.com\/es\/wp-json\/wp\/v2\/types\/page"}],"author":[{"embeddable":true,"href":"https:\/\/floreslawmiami.com\/es\/wp-json\/wp\/v2\/users\/1"}],"replies":[{"embeddable":true,"href":"https:\/\/floreslawmiami.com\/es\/wp-json\/wp\/v2\/comments?post=1712"}],"version-history":[{"count":1,"href":"https:\/\/floreslawmiami.com\/es\/wp-json\/wp\/v2\/pages\/1712\/revisions"}],"predecessor-version":[{"id":1718,"href":"https:\/\/floreslawmiami.com\/es\/wp-json\/wp\/v2\/pages\/1712\/revisions\/1718"}],"wp:attachment":[{"href":"https:\/\/floreslawmiami.com\/es\/wp-json\/wp\/v2\/media?parent=1712"}],"curies":[{"name":"wp","href":"https:\/\/api.w.org\/{rel}","templated":true}]}}