{"id":1696,"date":"2026-03-05T19:16:57","date_gmt":"2026-03-05T19:16:57","guid":{"rendered":"https:\/\/floreslawmiami.com\/?page_id=1696"},"modified":"2026-03-05T19:16:57","modified_gmt":"2026-03-05T19:16:57","slug":"abogados-de-resbalones-y-caidas-en-florida","status":"publish","type":"page","link":"https:\/\/floreslawmiami.com\/es\/slip-and-fall-attorneys-in-florida\/","title":{"rendered":"Abogados de accidente de resbalon y ca\u00edda en Florida"},"content":{"rendered":"<p>En t\u00e9rminos generales, una reclamaci\u00f3n por \u201cresbal\u00f3n y ca\u00edda\u201d se encuentra dentro de la amplia categor\u00eda de casos de \u201cresponsabilidad por condiciones de la propiedad\u201d, en los cuales el propietario puede ser considerado financieramente responsable por las lesiones que ocurran en su propiedad. El t\u00e9rmino \u201caccidente por resbal\u00f3n y ca\u00edda\u201d se utiliza en el derecho de lesiones personales para describir un grupo de casos en los que una persona resbala, tropieza o cae en la propiedad de otra persona.<\/p>\n\n\n\n<figure class=\"wp-block-image\"><img alt=\"\" loading=\"lazy\" decoding=\"async\" width=\"1024\" height=\"683\" src=\"https:\/\/floreslawmiami.com\/wp-content\/uploads\/2026\/03\/slip-and-fall-florida-1024x683-1.webp\" class=\"wp-image-1699\" title=\"resbal\u00f3n y ca\u00edda florida\" srcset=\"https:\/\/floreslawmiami.com\/wp-content\/uploads\/2026\/03\/slip-and-fall-florida-1024x683-1.webp 1024w, https:\/\/floreslawmiami.com\/wp-content\/uploads\/2026\/03\/slip-and-fall-florida-1024x683-1-300x200.webp 300w, https:\/\/floreslawmiami.com\/wp-content\/uploads\/2026\/03\/slip-and-fall-florida-1024x683-1-768x512.webp 768w\" sizes=\"auto, (max-width: 1024px) 100vw, 1024px\" \/><\/figure>\n\n\n\n<h2 class=\"wp-block-heading\" id=\"types-of-slip-and-fall-liability\">Tipos de responsabilidad en casos de resbalones y ca\u00eddas<\/h2>\n\n\n\n<p>Existen tres tipos comunes de casos de resbalones y ca\u00eddas en los que los tribunales con frecuencia determinan que el propietario es legalmente responsable por las lesiones ocurridas en su propiedad.<\/p>\n\n\n\n<h3 class=\"wp-block-heading\" id=\"01\">01<\/h3>\n\n\n\n<p>En primer lugar, los tribunales no dudan en considerar responsable al propietario cuando este cre\u00f3 la condici\u00f3n peligrosa que caus\u00f3 el accidente de resbal\u00f3n y ca\u00edda.<\/p>\n\n\n\n<h3 class=\"wp-block-heading\" id=\"02\">02<\/h3>\n\n\n\n<p>En segundo lugar, aunque el propietario no haya creado la condici\u00f3n peligrosa, a\u00fan puede ser considerado responsable si ten\u00eda conocimiento de dicha condici\u00f3n y negligentemente no la repar\u00f3.<\/p>\n\n\n\n<h3 class=\"wp-block-heading\" id=\"03\">03<\/h3>\n\n\n\n<p>Por \u00faltimo, un propietario puede ser considerado responsable por la lesi\u00f3n, aun cuando no tuviera conocimiento de la condici\u00f3n peligrosa, si en el ejercicio del cuidado razonable debi\u00f3 haberla descubierto y reparado antes del incidente que caus\u00f3 la lesi\u00f3n.<\/p>\n\n\n\n<figure class=\"wp-block-image\"><img alt=\"\" loading=\"lazy\" decoding=\"async\" width=\"1024\" height=\"1024\" src=\"https:\/\/floreslawmiami.com\/wp-content\/uploads\/2026\/03\/cfbf626d-e142-428f-b490-d150ba8d8953.webp\" class=\"wp-image-1700\" title=\"cfbf626d-e142-428f-b490-d150ba8d8953\" srcset=\"https:\/\/floreslawmiami.com\/wp-content\/uploads\/2026\/03\/cfbf626d-e142-428f-b490-d150ba8d8953.webp 1024w, https:\/\/floreslawmiami.com\/wp-content\/uploads\/2026\/03\/cfbf626d-e142-428f-b490-d150ba8d8953-300x300.webp 300w, https:\/\/floreslawmiami.com\/wp-content\/uploads\/2026\/03\/cfbf626d-e142-428f-b490-d150ba8d8953-150x150.webp 150w, https:\/\/floreslawmiami.com\/wp-content\/uploads\/2026\/03\/cfbf626d-e142-428f-b490-d150ba8d8953-768x768.webp 768w\" sizes=\"auto, (max-width: 1024px) 100vw, 1024px\" \/><\/figure>\n\n\n\n<h2 class=\"wp-block-heading\" id=\"common-causes-of-slip-and-fall-accidents\">Causas m\u00e1s comunes de resbalones y ca\u00eddas<\/h2>\n\n\n\n<p>Las condiciones peligrosas u ocultas son las causas m\u00e1s comunes de las lesiones por resbalones y ca\u00eddas. Entre las m\u00e1s frecuentes se encuentran escaleras defectuosas, superficies irregulares, alfombras en mal estado, pisos mojados, baches, iluminaci\u00f3n insuficiente y concreto agrietado, entre otras condiciones peligrosas que pueden provocar este tipo de accidentes.<\/p>\n\n\n\n<h2 class=\"wp-block-heading\" id=\"property-owner-responsibilities-in-florida\">Responsabilidades del propietario de esta propiedad en Florida<\/h2>\n\n\n\n<p>Por un lado, los tribunales de Florida reconocen que los propietarios son responsables de mantener su propiedad en condiciones razonablemente seguras, especialmente para los visitantes conocidos e invitados, como los clientes que ingresan a una tienda con el prop\u00f3sito de adquirir productos o servicios. Por otro lado, en ocasiones las personas simplemente se caen, y ninguna precauci\u00f3n razonable por parte del propietario habr\u00eda podido prevenir el accidente.<\/p>\n\n\n\n<figure class=\"wp-block-image\"><img alt=\"\" loading=\"lazy\" decoding=\"async\" width=\"800\" height=\"800\" src=\"https:\/\/floreslawmiami.com\/wp-content\/uploads\/2026\/03\/Untitled-design-2025-06-30T171717.633.png\" class=\"wp-image-1701\" title=\"Dise\u00f1o sin t\u00edtulo - 2025-06-30T171717.633\" srcset=\"https:\/\/floreslawmiami.com\/wp-content\/uploads\/2026\/03\/Untitled-design-2025-06-30T171717.633.png 800w, https:\/\/floreslawmiami.com\/wp-content\/uploads\/2026\/03\/Untitled-design-2025-06-30T171717.633-300x300.png 300w, https:\/\/floreslawmiami.com\/wp-content\/uploads\/2026\/03\/Untitled-design-2025-06-30T171717.633-150x150.png 150w, https:\/\/floreslawmiami.com\/wp-content\/uploads\/2026\/03\/Untitled-design-2025-06-30T171717.633-768x768.png 768w\" sizes=\"auto, (max-width: 800px) 100vw, 800px\" \/><\/figure>","protected":false},"excerpt":{"rendered":"<p>Generally speaking, a \u201cslip and fall\u201d claim falls under a broad category of \u201cpremises liability\u201d cases where a property owner may be held financially responsible for injuries occurring on his or her property. The term \u201cslip and fall accident\u201d is used in personal injury law to describe a group of cases where a person slips, [&hellip;]<\/p>\n","protected":false},"author":1,"featured_media":0,"parent":0,"menu_order":0,"comment_status":"closed","ping_status":"closed","template":"","meta":{"_seopress_robots_primary_cat":"","_seopress_titles_title":"Slip and Fall Lawyer in Florida","_seopress_titles_desc":"","_seopress_robots_index":"","_gspb_post_css":"","footnotes":""},"class_list":["post-1696","page","type-page","status-publish","hentry"],"blocksy_meta":[],"_links":{"self":[{"href":"https:\/\/floreslawmiami.com\/es\/wp-json\/wp\/v2\/pages\/1696","targetHints":{"allow":["GET"]}}],"collection":[{"href":"https:\/\/floreslawmiami.com\/es\/wp-json\/wp\/v2\/pages"}],"about":[{"href":"https:\/\/floreslawmiami.com\/es\/wp-json\/wp\/v2\/types\/page"}],"author":[{"embeddable":true,"href":"https:\/\/floreslawmiami.com\/es\/wp-json\/wp\/v2\/users\/1"}],"replies":[{"embeddable":true,"href":"https:\/\/floreslawmiami.com\/es\/wp-json\/wp\/v2\/comments?post=1696"}],"version-history":[{"count":1,"href":"https:\/\/floreslawmiami.com\/es\/wp-json\/wp\/v2\/pages\/1696\/revisions"}],"predecessor-version":[{"id":1702,"href":"https:\/\/floreslawmiami.com\/es\/wp-json\/wp\/v2\/pages\/1696\/revisions\/1702"}],"wp:attachment":[{"href":"https:\/\/floreslawmiami.com\/es\/wp-json\/wp\/v2\/media?parent=1696"}],"curies":[{"name":"wp","href":"https:\/\/api.w.org\/{rel}","templated":true}]}}