{"id":1689,"date":"2026-03-05T19:15:33","date_gmt":"2026-03-05T19:15:33","guid":{"rendered":"https:\/\/floreslawmiami.com\/?page_id=1689"},"modified":"2026-03-25T20:32:55","modified_gmt":"2026-03-25T20:32:55","slug":"accidente-de-moto-florida","status":"publish","type":"page","link":"https:\/\/floreslawmiami.com\/es\/motorcycle-accident-florida\/","title":{"rendered":"Abogados de accidentes de motocicletas en Florida"},"content":{"rendered":"<p>Los accidentes de motocicletas resultan en un n\u00famero inusualmente alto de fatalidades porque las motocicletas simplemente no ofrecen el mismo tipo de protecci\u00f3n que ofrecen los veh\u00edculos. Seg\u00fan la Administraci\u00f3n Nacional de Seguridad del Tr\u00e1fico en las Carreteras, la incidencia de fatalidades en motocicletas representa aproximadamente el 11 por ciento de todas las fatalidades en carreteras cada a\u00f1o, mientras que las motocicletas solo representan el 3 por ciento de todos los veh\u00edculos registrados en los Estados Unidos.<\/p>\n\n\n\n<figure class=\"wp-block-image\"><img alt=\"\" loading=\"lazy\" decoding=\"async\" width=\"1024\" height=\"341\" src=\"https:\/\/floreslawmiami.com\/wp-content\/uploads\/2026\/03\/Untitled-design-2024-11-14T210602.497-1024x341-1.png\" class=\"wp-image-1694\" title=\"Dise\u00f1o sin t\u00edtulo - 2024-11-14T210602.497\" srcset=\"https:\/\/floreslawmiami.com\/wp-content\/uploads\/2026\/03\/Untitled-design-2024-11-14T210602.497-1024x341-1.png 1024w, https:\/\/floreslawmiami.com\/wp-content\/uploads\/2026\/03\/Untitled-design-2024-11-14T210602.497-1024x341-1-300x100.png 300w, https:\/\/floreslawmiami.com\/wp-content\/uploads\/2026\/03\/Untitled-design-2024-11-14T210602.497-1024x341-1-768x256.png 768w\" sizes=\"auto, (max-width: 1024px) 100vw, 1024px\" \/><\/figure>\n\n\n\n<h2 class=\"wp-block-heading\" id=\"common-causes-of-motorcycle-accidents\">Causas Comunes de Accidentes de Motocicleta<\/h2>\n\n\n\n<p>Una amplia variedad de factores diferentes pueden provocar accidentes de motocicletas. El mal tiempo, como aguanieve, granizo, nieve y lluvia, puede causar que los motociclistas pierdan el control de su veh\u00edculo. Adem\u00e1s, los conductores de autom\u00f3viles frecuentemente no ven a los motociclistas, ya sea debido a una interferencia visual o simplemente porque no est\u00e1n atentos a las motocicletas. Baches, escombros en la carretera, pavimento irregular y manchas de aceite son algunos de los peligros viales comunes que son especialmente peligrosos para los motociclistas. Tambi\u00e9n, los defectos de productos de motocicletas, como fugas en el tanque de combustible o fugas en el sistema de combustible, presentan un mayor riesgo de incendio despu\u00e9s del accidente.<\/p>\n\n\n\n<figure class=\"wp-block-image\"><img alt=\"\" loading=\"lazy\" decoding=\"async\" width=\"520\" height=\"520\" src=\"https:\/\/floreslawmiami.com\/wp-content\/uploads\/2026\/03\/Add-a-heading-6.png\" class=\"wp-image-1693\" title=\"A\u00f1adir una r\u00fabrica (6)\" srcset=\"https:\/\/floreslawmiami.com\/wp-content\/uploads\/2026\/03\/Add-a-heading-6.png 520w, https:\/\/floreslawmiami.com\/wp-content\/uploads\/2026\/03\/Add-a-heading-6-300x300.png 300w, https:\/\/floreslawmiami.com\/wp-content\/uploads\/2026\/03\/Add-a-heading-6-150x150.png 150w\" sizes=\"auto, (max-width: 520px) 100vw, 520px\" \/><\/figure>\n\n\n\n<h2 class=\"wp-block-heading\" id=\"florida-s-personal-injury-protection-pip-coverage\">Cobertura de Protecci\u00f3n contra Lesiones Personales (PIP) en Florida<\/h2>\n\n\n\n<p>En Florida, aquellos lesionados en cualquier tipo de accidente vehicular, incluyendo accidentes de motocicletas, pueden recuperar los costos m\u00e9dicos de su propia compa\u00f1\u00eda de seguros. La Protecci\u00f3n contra Lesiones Personales, tambi\u00e9n conocida como PIP, permite a las partes lesionadas recuperar costos m\u00e9dicos razonables y necesarios, independientemente de qui\u00e9n caus\u00f3 el accidente. Por lo tanto, incluso si usted fuera culpable de un accidente de motocicleta, su propia p\u00f3liza de seguro de motocicleta podr\u00eda cubrir una cantidad limitada de sus costos m\u00e9dicos.<\/p>\n\n\n\n<h2 class=\"wp-block-heading\" id=\"reasons-for-motorcycle-fatalities\">Razones de las Fatalidades en Motocicletas<\/h2>\n\n\n\n<p>Esta alta tasa de fatalidades puede atribuirse al hecho de que las motocicletas son menos voluminosas y, por lo tanto, menos visibles que los autom\u00f3viles, y carecen de caracter\u00edsticas b\u00e1sicas de seguridad como techo, bolsas de aire y cinturones de seguridad. Las lesiones asociadas con accidentes de motocicleta tienden a ser graves e incluyen lesiones cerebrales, desfiguraci\u00f3n, fracturas \u00f3seas, lesiones de la columna vertebral y, a menudo, par\u00e1lisis.<\/p>\n\n\n\n<h2 class=\"wp-block-heading\" id=\"get-to-know-us\">Con\u00f3zcanos<\/h2>\n\n\n\n<p>El Bufete de Jorge L. Flores, P.A., pueden ser de tremenda ayuda, incluso si usted solo decide presentar una reclamaci\u00f3n contra su propio seguro PIP. Negociar solo con su compa\u00f1\u00eda de seguros puede ser un esfuerzo costoso y que consume mucho tiempo. Las compa\u00f1\u00edas de seguros son conocidas por negar cobertura a aquellos que no est\u00e1n bien familiarizados con cada detalle del proceso de reclamaciones de seguros. Un defensor fuerte que conozca la ley de seguros de Florida puede ayudarle a recuperar la compensaci\u00f3n disponible para usted bajo la ley.<\/p>\n\n\n\n<figure class=\"wp-block-image\"><img alt=\"\" loading=\"lazy\" decoding=\"async\" width=\"800\" height=\"800\" src=\"https:\/\/floreslawmiami.com\/wp-content\/uploads\/2026\/03\/Untitled-design-2025-06-30T155138.576-1.png\" class=\"wp-image-1692\" title=\"Dise\u00f1o sin t\u00edtulo - 2025-06-30T155138.576\" srcset=\"https:\/\/floreslawmiami.com\/wp-content\/uploads\/2026\/03\/Untitled-design-2025-06-30T155138.576-1.png 800w, https:\/\/floreslawmiami.com\/wp-content\/uploads\/2026\/03\/Untitled-design-2025-06-30T155138.576-1-300x300.png 300w, https:\/\/floreslawmiami.com\/wp-content\/uploads\/2026\/03\/Untitled-design-2025-06-30T155138.576-1-150x150.png 150w, https:\/\/floreslawmiami.com\/wp-content\/uploads\/2026\/03\/Untitled-design-2025-06-30T155138.576-1-768x768.png 768w\" sizes=\"auto, (max-width: 800px) 100vw, 800px\" \/><\/figure>","protected":false},"excerpt":{"rendered":"<p>Motorcycle accidents result in an unusually high number of fatalities because motorcycles simply do not offer the same kind of protection that vehicles offer. According to the National Highway Traffic Safety Administration, the incidence of motorcycle fatalities represent approximately 11 percent of all highway fatalities each year, while motorcycles only represent 3 percent of all [&hellip;]<\/p>\n","protected":false},"author":1,"featured_media":0,"parent":0,"menu_order":0,"comment_status":"closed","ping_status":"closed","template":"","meta":{"_seopress_robots_primary_cat":"","_seopress_titles_title":"Motorcycle Accident Lawyer in Florida","_seopress_titles_desc":"","_seopress_robots_index":"","_gspb_post_css":"","footnotes":""},"class_list":["post-1689","page","type-page","status-publish","hentry"],"blocksy_meta":[],"_links":{"self":[{"href":"https:\/\/floreslawmiami.com\/es\/wp-json\/wp\/v2\/pages\/1689","targetHints":{"allow":["GET"]}}],"collection":[{"href":"https:\/\/floreslawmiami.com\/es\/wp-json\/wp\/v2\/pages"}],"about":[{"href":"https:\/\/floreslawmiami.com\/es\/wp-json\/wp\/v2\/types\/page"}],"author":[{"embeddable":true,"href":"https:\/\/floreslawmiami.com\/es\/wp-json\/wp\/v2\/users\/1"}],"replies":[{"embeddable":true,"href":"https:\/\/floreslawmiami.com\/es\/wp-json\/wp\/v2\/comments?post=1689"}],"version-history":[{"count":3,"href":"https:\/\/floreslawmiami.com\/es\/wp-json\/wp\/v2\/pages\/1689\/revisions"}],"predecessor-version":[{"id":2134,"href":"https:\/\/floreslawmiami.com\/es\/wp-json\/wp\/v2\/pages\/1689\/revisions\/2134"}],"wp:attachment":[{"href":"https:\/\/floreslawmiami.com\/es\/wp-json\/wp\/v2\/media?parent=1689"}],"curies":[{"name":"wp","href":"https:\/\/api.w.org\/{rel}","templated":true}]}}