{"id":1683,"date":"2026-03-05T19:14:19","date_gmt":"2026-03-05T19:14:19","guid":{"rendered":"https:\/\/floreslawmiami.com\/?page_id=1683"},"modified":"2026-03-25T20:53:14","modified_gmt":"2026-03-25T20:53:14","slug":"accidente-de-camion-florida","status":"publish","type":"page","link":"https:\/\/floreslawmiami.com\/es\/truck-accident-florida\/","title":{"rendered":"Abogados de accidentes de camiones en Florida"},"content":{"rendered":"<p>El Bufete de Jorge L. Flores, P.A., representan frecuentemente a personas que han resultado gravemente heridas como consecuencia de accidentes de camiones. La firma tambi\u00e9n representa a las familias de seres queridos que han perdido la vida tras este tipo de colisiones devastadoras. Cuando un cami\u00f3n grande choca con un autom\u00f3vil o motocicleta, los resultados tienden a ser catastr\u00f3ficos. Los pasajeros y conductores de veh\u00edculos m\u00e1s peque\u00f1os a menudo sufren lesiones traum\u00e1ticas y dolorosas debido a la diferencia sustancial de tama\u00f1o entre los veh\u00edculos involucrados en el accidente.<\/p>\n\n\n\n<figure class=\"wp-block-image\"><img alt=\"\" loading=\"lazy\" decoding=\"async\" width=\"520\" height=\"520\" src=\"https:\/\/floreslawmiami.com\/wp-content\/uploads\/2026\/03\/Add-a-heading-10.png\" class=\"wp-image-1687\" title=\"A\u00f1adir una r\u00fabrica (10)\" srcset=\"https:\/\/floreslawmiami.com\/wp-content\/uploads\/2026\/03\/Add-a-heading-10.png 520w, https:\/\/floreslawmiami.com\/wp-content\/uploads\/2026\/03\/Add-a-heading-10-300x300.png 300w, https:\/\/floreslawmiami.com\/wp-content\/uploads\/2026\/03\/Add-a-heading-10-150x150.png 150w\" sizes=\"auto, (max-width: 520px) 100vw, 520px\" \/><\/figure>\n\n\n\n<h2 class=\"wp-block-heading\" id=\"understanding-negligence-in-truck-accidents\">La Negligencia en Accidentes de Camiones<\/h2>\n\n\n\n<p>La mayor\u00eda de las demandas en Florida que surgen de un accidente de cami\u00f3n o tr\u00e1iler se basan en la teor\u00eda legal de negligencia. En t\u00e9rminos generales, un conductor negligente es aquel que no conduce de manera razonable. Cuando un conductor negligente causa una colisi\u00f3n, las partes lesionadas pueden tener derecho a una compensaci\u00f3n por parte del conductor negligente.<\/p>\n\n\n\n<figure class=\"wp-block-image\"><img alt=\"\" loading=\"lazy\" decoding=\"async\" width=\"422\" height=\"600\" src=\"https:\/\/floreslawmiami.com\/wp-content\/uploads\/2026\/03\/depositphotos_345375940-stock-photo-dade-county-courthouse-in-miami.webp\" class=\"wp-image-1686\" title=\"depositphotos_345375940-stock-photo-dade-county-courthouse-in-miami\" srcset=\"https:\/\/floreslawmiami.com\/wp-content\/uploads\/2026\/03\/depositphotos_345375940-stock-photo-dade-county-courthouse-in-miami.webp 422w, https:\/\/floreslawmiami.com\/wp-content\/uploads\/2026\/03\/depositphotos_345375940-stock-photo-dade-county-courthouse-in-miami-211x300.webp 211w\" sizes=\"auto, (max-width: 422px) 100vw, 422px\" \/><\/figure>\n\n\n\n<h2 class=\"wp-block-heading\" id=\"comparative-negligence-in-florida\">Negligencia Comparativa en Florida<\/h2>\n\n\n\n<p>Las colisiones automovil\u00edsticas en general, y las colisiones de camiones en particular, pueden ser el resultado de una variedad de factores, y a veces m\u00faltiples partes pueden aceptar cierta culpa por un accidente. Por esta raz\u00f3n, es importante se\u00f1alar que la ley de Florida reconoce la teor\u00eda de negligencia comparativa, lo que significa que una parte lesionada a\u00fan puede tener derecho a una compensaci\u00f3n, incluso si fue parcialmente culpable. Por ejemplo, bajo la negligencia comparativa, una parte lesionada que fue cuarenta por ciento culpable del accidente podr\u00eda recuperar aproximadamente el sesenta por ciento de sus da\u00f1os.<\/p>\n\n\n\n<h2 class=\"wp-block-heading\" id=\"committed-to-maximizing-compensation\">Comprometidos a Maximizar la Compensaci\u00f3n<\/h2>\n\n\n\n<p>Desde nuestras oficinas en Miami, Florida, trabajamos arduamente para asegurar que nuestros clientes reciban la m\u00e1xima compensaci\u00f3n disponible bajo la ley. Cualquier colisi\u00f3n traum\u00e1tica, como un accidente de cami\u00f3n, puede causar lesiones graves. Las personas involucradas en este tipo de accidente necesitan un defensor agresivo que luche por sus derechos.<\/p>\n\n\n\n<figure class=\"wp-block-image\"><img decoding=\"async\" src=\"https:\/\/floreslawmiami.com\/wp-content\/uploads\/2025\/06\/Untitled-design-2025-06-30T143754.480.png\" alt=\"Experimentado abogado de Miami especializado en lesiones personales, vestido con traje azul marino y corbata roja estampada, de pie y con confianza frente a una obra de arte abstracta, comprometido a ayudar a sus clientes a obtener justicia e indemnizaci\u00f3n.\" class=\"wp-image-5005\"\/><\/figure>","protected":false},"excerpt":{"rendered":"<p>The Law Offices of Jorge L. Flores, P.A., frequently represents individuals who have been seriously injured as a result of truck accidents. The firm also represents the families of loved ones who have lost their lives after these types of devastating collisions. When a large truck collides with an automobile or motorcycle, the results tend [&hellip;]<\/p>\n","protected":false},"author":1,"featured_media":0,"parent":0,"menu_order":0,"comment_status":"closed","ping_status":"closed","template":"","meta":{"_seopress_robots_primary_cat":"","_seopress_titles_title":"Truck Accident Lawyers in Florida | Free Case Review","_seopress_titles_desc":"","_seopress_robots_index":"","_gspb_post_css":"","footnotes":""},"class_list":["post-1683","page","type-page","status-publish","hentry"],"blocksy_meta":[],"_links":{"self":[{"href":"https:\/\/floreslawmiami.com\/es\/wp-json\/wp\/v2\/pages\/1683","targetHints":{"allow":["GET"]}}],"collection":[{"href":"https:\/\/floreslawmiami.com\/es\/wp-json\/wp\/v2\/pages"}],"about":[{"href":"https:\/\/floreslawmiami.com\/es\/wp-json\/wp\/v2\/types\/page"}],"author":[{"embeddable":true,"href":"https:\/\/floreslawmiami.com\/es\/wp-json\/wp\/v2\/users\/1"}],"replies":[{"embeddable":true,"href":"https:\/\/floreslawmiami.com\/es\/wp-json\/wp\/v2\/comments?post=1683"}],"version-history":[{"count":2,"href":"https:\/\/floreslawmiami.com\/es\/wp-json\/wp\/v2\/pages\/1683\/revisions"}],"predecessor-version":[{"id":2152,"href":"https:\/\/floreslawmiami.com\/es\/wp-json\/wp\/v2\/pages\/1683\/revisions\/2152"}],"wp:attachment":[{"href":"https:\/\/floreslawmiami.com\/es\/wp-json\/wp\/v2\/media?parent=1683"}],"curies":[{"name":"wp","href":"https:\/\/api.w.org\/{rel}","templated":true}]}}