{"id":1670,"date":"2026-03-05T19:11:32","date_gmt":"2026-03-05T19:11:32","guid":{"rendered":"https:\/\/floreslawmiami.com\/?page_id=1670"},"modified":"2026-03-05T19:11:32","modified_gmt":"2026-03-05T19:11:32","slug":"responsabilidad-de-los-locales-florida","status":"publish","type":"page","link":"https:\/\/floreslawmiami.com\/es\/premises-liability-florida\/","title":{"rendered":"Abogados de responsabilidad por condiciones peligrosas de la propiedad en Florida"},"content":{"rendered":"<p>La responsabilidad por condiciones peligrosas de la propiedad es el \u00e1rea del derecho que determina si la persona o entidad que posee o controla un edificio o propiedad es responsable por una lesi\u00f3n sufrida por un visitante mientras se encontraba en el lugar. La persona o entidad en posesi\u00f3n o control de la propiedad es legalmente responsable de su mantenimiento y puede ser el propietario, arrendatario, ocupante o administrador. El estatus de la persona lesionada en relaci\u00f3n con la propiedad en cuesti\u00f3n tambi\u00e9n es extremadamente importante.<\/p>\n\n\n\n<figure class=\"wp-block-image\"><img alt=\"\" loading=\"lazy\" decoding=\"async\" width=\"1024\" height=\"682\" src=\"https:\/\/floreslawmiami.com\/wp-content\/uploads\/2026\/03\/what-is-premises-liability-case-1024x682-1.jpg\" class=\"wp-image-1673\" title=\"qu\u00e9-es-un-caso-de-responsabilidad-predial\" srcset=\"https:\/\/floreslawmiami.com\/wp-content\/uploads\/2026\/03\/what-is-premises-liability-case-1024x682-1.jpg 1024w, https:\/\/floreslawmiami.com\/wp-content\/uploads\/2026\/03\/what-is-premises-liability-case-1024x682-1-300x200.jpg 300w, https:\/\/floreslawmiami.com\/wp-content\/uploads\/2026\/03\/what-is-premises-liability-case-1024x682-1-768x512.jpg 768w\" sizes=\"auto, (max-width: 1024px) 100vw, 1024px\" \/><\/figure>\n\n\n\n<h2 class=\"wp-block-heading\" id=\"understanding-premises-liability\">Comprensi\u00f3n de la responsabilidad por condiciones de la propiedad<\/h2>\n\n\n\n<h3 class=\"wp-block-heading\" id=\"significance-of-visitor-status\">Relevancia del estatus del visitante<\/h3>\n\n\n\n<p>Un visitante de la propiedad puede ser un invitado, licenciatario o intruso. Por lo tanto, establecer si una persona es invitado, licenciatario o intruso es el aspecto m\u00e1s importante para determinar la responsabilidad de la persona o entidad que posee o controla la propiedad. No cabe duda de que el derecho de responsabilidad por condiciones de la propiedad puede ser complejo. Si usted o un ser querido necesita un bufete con experiencia en este tipo de casos, Jorge L. Flores, P.A. puede ayudarle.<\/p>\n\n\n\n<h3 class=\"wp-block-heading\" id=\"understanding-invitees\">Comprensi\u00f3n de los invitados<\/h3>\n\n\n\n<p>Generalmente denominados invitados comerciales, los invitados son personas que se encuentran en la propiedad con el prop\u00f3sito expreso de realizar transacciones comerciales con la persona o entidad que posee o controla el lugar. Un cliente en una tienda de comestibles es un ejemplo de invitado.<\/p>\n\n\n\n<p><br>La persona o entidad en posesi\u00f3n o control de la propiedad tiene el m\u00e1s alto deber de cuidado hacia un invitado y debe advertirle o protegerlo de los riesgos o peligros que conoce o que razonablemente deber\u00eda conocer. Este deber de advertir y proteger tambi\u00e9n puede incluir la responsabilidad de inspeccionar peri\u00f3dicamente la propiedad en busca de riesgos o peligros.<\/p>\n\n\n\n<h3 class=\"wp-block-heading\" id=\"understanding-licensees\">Comprensi\u00f3n de los licenciatarios<\/h3>\n\n\n\n<p>Un visitante es un licenciatario si la persona o entidad en posesi\u00f3n o control de la propiedad le ha otorgado permiso expreso o impl\u00edcito para estar en el lugar por cualquier motivo que no sea comercial. Un invitado a una fiesta de Navidad es un licenciatario con permiso expreso, mientras que un familiar que visita ocasionalmente sin previo aviso es un licenciatario con permiso impl\u00edcito.\n\nLa persona o entidad en posesi\u00f3n o control es responsable por las lesiones de un licenciatario \u00fanicamente si:\n\nLa persona o entidad en posesi\u00f3n o control conoc\u00eda o deber\u00eda haber conocido el peligro y el riesgo de da\u00f1o que este representaba.\nLa persona o entidad en posesi\u00f3n o control no ejerci\u00f3 el cuidado razonable para corregir el peligro o advertir al licenciatario del riesgo.\nEl licenciatario no conoc\u00eda ni pod\u00eda razonablemente esperarse que conociera el peligro.<\/p>\n\n\n\n<h3 class=\"wp-block-heading\" id=\"trespassers-and-liability-exceptions\">Intrusos y excepciones a la responsabilidad<\/h3>\n\n\n\n<p>En general, la persona o entidad en posesi\u00f3n o control de la propiedad tiene una responsabilidad significativamente menor por las lesiones sufridas por intrusos; sin embargo, existen ciertos casos en los que dicha persona o entidad puede ser considerada responsable.<\/p>\n\n\n\n<h2 class=\"wp-block-heading\" id=\"get-to-know-us\">Con\u00f3zcanos<\/h2>\n\n\n\n<p>Si usted o un ser querido ha sufrido lesiones mientras se encontraba en la propiedad de otra persona, ya sea por una ca\u00edda, un tiroteo, un apu\u00f1alamiento, etc., el bufete Jorge L. Flores, P.A., puede ayudarle. Perseguiremos su reclamaci\u00f3n de manera agresiva para obtener la m\u00e1xima compensaci\u00f3n disponible conforme a la ley.<\/p>","protected":false},"excerpt":{"rendered":"<p>Premises liability is the area of law that covers whether the person or entity in possession or control of a building or property is liable for an injury that occurred to a visitor while on the premises. The person or entity in possession or control of the premises is legally responsible for its maintenance and [&hellip;]<\/p>\n","protected":false},"author":1,"featured_media":0,"parent":0,"menu_order":0,"comment_status":"closed","ping_status":"closed","template":"","meta":{"_seopress_robots_primary_cat":"","_seopress_titles_title":"Premises Liability Attorneys in Florida","_seopress_titles_desc":"","_seopress_robots_index":"","_gspb_post_css":"","footnotes":""},"class_list":["post-1670","page","type-page","status-publish","hentry"],"blocksy_meta":[],"_links":{"self":[{"href":"https:\/\/floreslawmiami.com\/es\/wp-json\/wp\/v2\/pages\/1670","targetHints":{"allow":["GET"]}}],"collection":[{"href":"https:\/\/floreslawmiami.com\/es\/wp-json\/wp\/v2\/pages"}],"about":[{"href":"https:\/\/floreslawmiami.com\/es\/wp-json\/wp\/v2\/types\/page"}],"author":[{"embeddable":true,"href":"https:\/\/floreslawmiami.com\/es\/wp-json\/wp\/v2\/users\/1"}],"replies":[{"embeddable":true,"href":"https:\/\/floreslawmiami.com\/es\/wp-json\/wp\/v2\/comments?post=1670"}],"version-history":[{"count":1,"href":"https:\/\/floreslawmiami.com\/es\/wp-json\/wp\/v2\/pages\/1670\/revisions"}],"predecessor-version":[{"id":1674,"href":"https:\/\/floreslawmiami.com\/es\/wp-json\/wp\/v2\/pages\/1670\/revisions\/1674"}],"wp:attachment":[{"href":"https:\/\/floreslawmiami.com\/es\/wp-json\/wp\/v2\/media?parent=1670"}],"curies":[{"name":"wp","href":"https:\/\/api.w.org\/{rel}","templated":true}]}}