{"id":1664,"date":"2026-03-05T19:10:25","date_gmt":"2026-03-05T19:10:25","guid":{"rendered":"https:\/\/floreslawmiami.com\/?page_id=1664"},"modified":"2026-03-05T19:10:25","modified_gmt":"2026-03-05T19:10:25","slug":"negligencia-de-seguridad-florida","status":"publish","type":"page","link":"https:\/\/floreslawmiami.com\/es\/negligent-security-florida\/","title":{"rendered":"Abogado de seguridad inadecuada en Florida"},"content":{"rendered":"<p>Entendemos la importancia de maximizar la compensaci\u00f3n para nuestros clientes. Nuestro objetivo es que usted reciba la m\u00e1xima compensaci\u00f3n por sus lesiones. Nuestros abogados se enorgullecen de ayudar a personas en todo Florida con sus reclamaciones por lesiones y estamos preparados para asistirle con su reclamaci\u00f3n por seguridad negligente.<\/p>\n\n\n\n<figure class=\"wp-block-image\"><img alt=\"\" loading=\"lazy\" decoding=\"async\" width=\"1024\" height=\"683\" src=\"https:\/\/floreslawmiami.com\/wp-content\/uploads\/2026\/03\/negligent-secruity-1024x683-1.webp\" class=\"wp-image-1667\" title=\"seguridad negligente\" srcset=\"https:\/\/floreslawmiami.com\/wp-content\/uploads\/2026\/03\/negligent-secruity-1024x683-1.webp 1024w, https:\/\/floreslawmiami.com\/wp-content\/uploads\/2026\/03\/negligent-secruity-1024x683-1-300x200.webp 300w, https:\/\/floreslawmiami.com\/wp-content\/uploads\/2026\/03\/negligent-secruity-1024x683-1-768x512.webp 768w\" sizes=\"auto, (max-width: 1024px) 100vw, 1024px\" \/><\/figure>\n\n\n\n<h2 class=\"wp-block-heading\" id=\"recovering-from-negligent-security-injuries\">Recuperaci\u00f3n de lesiones por seguridad negligente<\/h2>\n\n\n\n<p>Al visitar un lugar al que el p\u00fablico en general est\u00e1 invitado, como un centro comercial, un centro de compras o un supermercado, es natural asumir que se encuentra seguro. Este mismo concepto aplica a los hu\u00e9spedes de un condominio o complejo de apartamentos. Cuando la seguridad en el lugar falla o es inadecuada para proteger a los hu\u00e9spedes o clientes, el establecimiento debe ser responsable por las lesiones que estos sufran.\n\nDesafortunadamente, es poco com\u00fan que la parte responsable asuma su responsabilidad y ofrezca una compensaci\u00f3n justa por las lesiones sufridas, por lo que a menudo es necesario iniciar acciones legales para obtener la compensaci\u00f3n que usted merece.<\/p>\n\n\n\n<h2 class=\"wp-block-heading\" id=\"get-to-know-us\">Con\u00f3zcanos<\/h2>\n\n\n\n<p>En el bufete de abogados de Jorge L. Flores, P.A., usted puede reunirse con nuestros abogados, quienes comprenden la importancia de maximizar la compensaci\u00f3n a la que usted pueda tener derecho por sus lesiones o reclamaciones por muerte por negligencia. Nos enorgullece ayudar a personas en todo Florida con sus reclamaciones por lesiones o muerte por negligencia, y estamos plenamente preparados para asumir su caso de seguridad negligente.<\/p>\n\n\n\n<figure class=\"wp-block-image\"><img alt=\"\" decoding=\"async\" src=\"https:\/\/floreslawmiami.com\/wp-content\/uploads\/2026\/03\/Untitled-design-2025-06-30T155138.576-1.png\" class=\"wp-image-1668\" title=\"Dise\u00f1o sin t\u00edtulo - 2025-06-30T155138.576\"\/><\/figure>\n\n\n\n<h2 class=\"wp-block-heading\" id=\"common-forms-of-negligent-security\">Formas comunes de seguridad negligente<\/h2>\n\n\n\n<p>Ya sea que la ausencia de seguridad, una seguridad inadecuada o un \u00e1rea mal iluminada haya permitido que un agresor le causara da\u00f1o, las consecuencias de sus lesiones pueden durar toda la vida, y es razonable que la compensaci\u00f3n que reciba refleje con precisi\u00f3n dichas consecuencias. <\/p>\n\n\n\n<p>Las lesiones por seguridad negligente pueden implicar m\u00e1s que el simple hecho de que los guardias de seguridad no cumplan con sus funciones. Cuando la seguridad de un lugar no logra protegerle debido a negligencia o imprudencia, usted puede tener una reclamaci\u00f3n v\u00e1lida. El bufete de abogados de Jorge L. Flores, P.A. y su equipo han ayudado a clientes a recuperarse de lesiones o reclamaciones por muerte por negligencia causadas por:<\/p>\n\n\n\n<ul class=\"wp-block-list\">\n<li>Ausencia de guardias de seguridad<\/li>\n\n\n\n<li>Guardias de seguridad negligentes<\/li>\n\n\n\n<li>Falta de guardias de seguridad<\/li>\n\n\n\n<li>Falta de guardias de seguridad itinerantes<\/li>\n\n\n\n<li>Iluminaci\u00f3n deficiente<\/li>\n<\/ul>","protected":false},"excerpt":{"rendered":"<p>We understand the importance of maximizing the compensation for our clients. Our objective is for you to receive the maximum compensation for your injuries. Our attorneys take pride in helping people throughout Florida with their injury claims, and we are prepared to assist you through your negligent security claim. Recovering From Negligent Security Injuries When [&hellip;]<\/p>\n","protected":false},"author":1,"featured_media":0,"parent":0,"menu_order":0,"comment_status":"closed","ping_status":"closed","template":"","meta":{"_seopress_robots_primary_cat":"","_seopress_titles_title":"Negligent Security Lawyer in Florida","_seopress_titles_desc":"","_seopress_robots_index":"","_gspb_post_css":"","footnotes":""},"class_list":["post-1664","page","type-page","status-publish","hentry"],"blocksy_meta":[],"_links":{"self":[{"href":"https:\/\/floreslawmiami.com\/es\/wp-json\/wp\/v2\/pages\/1664","targetHints":{"allow":["GET"]}}],"collection":[{"href":"https:\/\/floreslawmiami.com\/es\/wp-json\/wp\/v2\/pages"}],"about":[{"href":"https:\/\/floreslawmiami.com\/es\/wp-json\/wp\/v2\/types\/page"}],"author":[{"embeddable":true,"href":"https:\/\/floreslawmiami.com\/es\/wp-json\/wp\/v2\/users\/1"}],"replies":[{"embeddable":true,"href":"https:\/\/floreslawmiami.com\/es\/wp-json\/wp\/v2\/comments?post=1664"}],"version-history":[{"count":1,"href":"https:\/\/floreslawmiami.com\/es\/wp-json\/wp\/v2\/pages\/1664\/revisions"}],"predecessor-version":[{"id":1669,"href":"https:\/\/floreslawmiami.com\/es\/wp-json\/wp\/v2\/pages\/1664\/revisions\/1669"}],"wp:attachment":[{"href":"https:\/\/floreslawmiami.com\/es\/wp-json\/wp\/v2\/media?parent=1664"}],"curies":[{"name":"wp","href":"https:\/\/api.w.org\/{rel}","templated":true}]}}