{"id":1658,"date":"2026-03-05T19:03:04","date_gmt":"2026-03-05T19:03:04","guid":{"rendered":"https:\/\/floreslawmiami.com\/?page_id=1658"},"modified":"2026-03-05T19:03:05","modified_gmt":"2026-03-05T19:03:05","slug":"cerebro-lesion-de-la-medula-espinal-florida","status":"publish","type":"page","link":"https:\/\/floreslawmiami.com\/es\/brain-spinal-cord-injury-florida\/","title":{"rendered":"Abogados de lesiones cerebrales y de la m\u00e9dula espinal en Florida"},"content":{"rendered":"<p>Si ha sufrido recientemente un golpe en la cabeza o la m\u00e9dula espinal, debe saber que los s\u00edntomas de un traumatismo craneoencef\u00e1lico o una lesi\u00f3n medular pueden ser leves, moderados o graves, dependiendo del tipo de impacto en el cerebro o la m\u00e9dula espinal.<\/p>\n\n\n\n<figure class=\"wp-block-image\"><img alt=\"\" loading=\"lazy\" decoding=\"async\" width=\"1024\" height=\"559\" src=\"https:\/\/floreslawmiami.com\/wp-content\/uploads\/2026\/03\/Untitled-1980-x-1080-px-9-1024x559-1.png\" class=\"wp-image-1662\" title=\"Sin t\u00edtulo (1980 x 1080 px) (9)\" srcset=\"https:\/\/floreslawmiami.com\/wp-content\/uploads\/2026\/03\/Untitled-1980-x-1080-px-9-1024x559-1.png 1024w, https:\/\/floreslawmiami.com\/wp-content\/uploads\/2026\/03\/Untitled-1980-x-1080-px-9-1024x559-1-300x164.png 300w, https:\/\/floreslawmiami.com\/wp-content\/uploads\/2026\/03\/Untitled-1980-x-1080-px-9-1024x559-1-768x419.png 768w\" sizes=\"auto, (max-width: 1024px) 100vw, 1024px\" \/><\/figure>\n\n\n\n<h2 class=\"wp-block-heading\" id=\"symptoms-from-a-brain-and-spinal-cord-injury\">S\u00edntomas de una lesi\u00f3n cerebral y medular<\/h2>\n\n\n\n<p>Seg\u00fan el Instituto Nacional de la Salud, dolor de cabeza, confusi\u00f3n, mareo, p\u00e9rdida de memoria, v\u00f3mitos o n\u00e1useas, convulsiones, dificultad para hablar y hormigueo o p\u00e9rdida de sensibilidad en las extremidades inferiores o debajo del cuello son s\u00f3lo algunos de los s\u00edntomas asociados a una lesi\u00f3n cerebral o medular grave.<\/p>\n\n\n\n<h3 class=\"wp-block-heading\" id=\"causes-of-injury\">Causas de las lesiones<\/h3>\n\n\n\n<div class=\"wp-block-group is-nowrap is-layout-flex wp-container-core-group-is-layout-6c531013 wp-block-group-is-layout-flex\">\n<p>Aproximadamente la mitad de las lesiones cerebrales y medulares en Estados Unidos se deben a accidentes de tr\u00e1fico. Adem\u00e1s, las lesiones cerebrales y de la m\u00e9dula espinal pueden producirse en accidentes de \u201cresbal\u00f3n y ca\u00edda\u201d, accidentes de barco, negligencia m\u00e9dica, en residencias de ancianos, por el uso de productos defectuosos y en una variedad de otras situaciones que implican un comportamiento negligente o imprudente.<\/p>\n<\/div>\n\n\n\n<h2 class=\"wp-block-heading\" id=\"get-to-know-us\">Con\u00f3zcanos<\/h2>\n\n\n\n<figure class=\"wp-block-image size-full\"><img alt=\"\" loading=\"lazy\" decoding=\"async\" width=\"800\" height=\"800\" src=\"https:\/\/floreslawmiami.com\/wp-content\/uploads\/2026\/03\/Untitled-design-2025-06-30T143754.480.png\" class=\"wp-image-1661\" srcset=\"https:\/\/floreslawmiami.com\/wp-content\/uploads\/2026\/03\/Untitled-design-2025-06-30T143754.480.png 800w, https:\/\/floreslawmiami.com\/wp-content\/uploads\/2026\/03\/Untitled-design-2025-06-30T143754.480-300x300.png 300w, https:\/\/floreslawmiami.com\/wp-content\/uploads\/2026\/03\/Untitled-design-2025-06-30T143754.480-150x150.png 150w, https:\/\/floreslawmiami.com\/wp-content\/uploads\/2026\/03\/Untitled-design-2025-06-30T143754.480-768x768.png 768w\" sizes=\"auto, (max-width: 800px) 100vw, 800px\" \/><\/figure>\n\n\n\n<p>Si usted o un ser querido ha sufrido un cerebro o lesiones de la m\u00e9dula espinal como resultado de la negligencia o culpa de otra parte, nosotros en el Bufete de Abogados Jorge L. Flores, P.A., puede ser capaz de ayudarle a obtener la compensaci\u00f3n que usted necesita y merece. Experimentados, tenaces y agresivos abogados de lesiones cerebrales y de la m\u00e9dula espinal pueden ayudarle a obtener la m\u00e1xima compensaci\u00f3n disponible para usted bajo la ley.<\/p>","protected":false},"excerpt":{"rendered":"<p>If you recently suffered a blow to the head or spinal cord, you should be aware that symptoms of a traumatic brain injury or spinal cord injury can be mild, moderate, or severe, depending on the type of impact to the brain or spine. Symptoms from a Brain and Spinal Cord Injury According to the [&hellip;]<\/p>\n","protected":false},"author":1,"featured_media":0,"parent":0,"menu_order":0,"comment_status":"closed","ping_status":"closed","template":"","meta":{"_seopress_robots_primary_cat":"","_seopress_titles_title":"","_seopress_titles_desc":"","_seopress_robots_index":"","_gspb_post_css":"","footnotes":""},"class_list":["post-1658","page","type-page","status-publish","hentry"],"blocksy_meta":[],"_links":{"self":[{"href":"https:\/\/floreslawmiami.com\/es\/wp-json\/wp\/v2\/pages\/1658","targetHints":{"allow":["GET"]}}],"collection":[{"href":"https:\/\/floreslawmiami.com\/es\/wp-json\/wp\/v2\/pages"}],"about":[{"href":"https:\/\/floreslawmiami.com\/es\/wp-json\/wp\/v2\/types\/page"}],"author":[{"embeddable":true,"href":"https:\/\/floreslawmiami.com\/es\/wp-json\/wp\/v2\/users\/1"}],"replies":[{"embeddable":true,"href":"https:\/\/floreslawmiami.com\/es\/wp-json\/wp\/v2\/comments?post=1658"}],"version-history":[{"count":1,"href":"https:\/\/floreslawmiami.com\/es\/wp-json\/wp\/v2\/pages\/1658\/revisions"}],"predecessor-version":[{"id":1663,"href":"https:\/\/floreslawmiami.com\/es\/wp-json\/wp\/v2\/pages\/1658\/revisions\/1663"}],"wp:attachment":[{"href":"https:\/\/floreslawmiami.com\/es\/wp-json\/wp\/v2\/media?parent=1658"}],"curies":[{"name":"wp","href":"https:\/\/api.w.org\/{rel}","templated":true}]}}