{"id":1651,"date":"2026-03-05T19:01:03","date_gmt":"2026-03-05T19:01:03","guid":{"rendered":"https:\/\/floreslawmiami.com\/?page_id=1651"},"modified":"2026-03-25T20:27:20","modified_gmt":"2026-03-25T20:27:20","slug":"muerte-por-negligencia-florida","status":"publish","type":"page","link":"https:\/\/floreslawmiami.com\/es\/wrongful-death-florida\/","title":{"rendered":"Abogados de muerte injusta en Florida"},"content":{"rendered":"<p>Una demanda por homicidio culposo en Florida es bastante diferente de otras demandas por lesiones personales, lo que significa que es f\u00e1cil confundirse, especialmente en los d\u00edas siguientes a la p\u00e9rdida inesperada de un ser querido.<\/p>\n\n\n\n<figure class=\"wp-block-image\"><img alt=\"\" loading=\"lazy\" decoding=\"async\" width=\"1024\" height=\"576\" src=\"https:\/\/floreslawmiami.com\/wp-content\/uploads\/2026\/03\/Add-a-little-bit-of-body-text-1-1024x576-1.png\" class=\"wp-image-1654\" title=\"A\u00f1adir un poco de texto en el cuerpo (1)\" srcset=\"https:\/\/floreslawmiami.com\/wp-content\/uploads\/2026\/03\/Add-a-little-bit-of-body-text-1-1024x576-1.png 1024w, https:\/\/floreslawmiami.com\/wp-content\/uploads\/2026\/03\/Add-a-little-bit-of-body-text-1-1024x576-1-300x169.png 300w, https:\/\/floreslawmiami.com\/wp-content\/uploads\/2026\/03\/Add-a-little-bit-of-body-text-1-1024x576-1-768x432.png 768w\" sizes=\"auto, (max-width: 1024px) 100vw, 1024px\" \/><\/figure>\n\n\n\n<h2 class=\"wp-block-heading\" id=\"our-personalized-approach\">Nuestro enfoque personalizado<\/h2>\n\n\n\n<p>En el Bufete de Abogados Jorge L. Flores, P.A., tambi\u00e9n somos diferentes en la forma en que tratamos con las familias de aquellos que han perdido la vida debido a la negligencia o actos intencionales de otros. En la b\u00fasqueda de recuperar la indemnizaci\u00f3n por muerte injusta, nos reuniremos personalmente con las familias para aprender tanto como sea posible acerca de la v\u00edctima y lo que su p\u00e9rdida significa para los miembros sobrevivientes de la familia. Tambi\u00e9n explicaremos con todo el detalle necesario qui\u00e9nes pueden ser los posibles demandantes y las indemnizaciones disponibles para cada uno.<\/p>\n\n\n\n<figure class=\"wp-block-image\"><img alt=\"\" loading=\"lazy\" decoding=\"async\" width=\"800\" height=\"800\" src=\"https:\/\/floreslawmiami.com\/wp-content\/uploads\/2026\/03\/Untitled-design-2025-06-30T155138.576.png\" class=\"wp-image-1655\" title=\"Dise\u00f1o sin t\u00edtulo - 2025-06-30T155138.576\" srcset=\"https:\/\/floreslawmiami.com\/wp-content\/uploads\/2026\/03\/Untitled-design-2025-06-30T155138.576.png 800w, https:\/\/floreslawmiami.com\/wp-content\/uploads\/2026\/03\/Untitled-design-2025-06-30T155138.576-300x300.png 300w, https:\/\/floreslawmiami.com\/wp-content\/uploads\/2026\/03\/Untitled-design-2025-06-30T155138.576-150x150.png 150w, https:\/\/floreslawmiami.com\/wp-content\/uploads\/2026\/03\/Untitled-design-2025-06-30T155138.576-768x768.png 768w\" sizes=\"auto, (max-width: 800px) 100vw, 800px\" \/><\/figure>\n\n\n\n<h2 class=\"wp-block-heading\" id=\"damages-under-the-florida-wrongful-death-act\">Da\u00f1os y perjuicios en virtud de la Ley de Muerte por Negligencia de Florida<\/h2>\n\n\n\n<p>Los da\u00f1os indemnizables pueden incluir gastos m\u00e9dicos, hospitalarios, funerarios y de entierro; p\u00e9rdida de apoyo, servicios, compa\u00f1\u00eda y protecci\u00f3n; dolor y sufrimiento mental; p\u00e9rdida de compa\u00f1\u00eda, instrucci\u00f3n y orientaci\u00f3n de los padres; p\u00e9rdida de ingresos; y la p\u00e9rdida de posibles acumulaciones netas que el difunto probablemente habr\u00eda ahorrado si hubiera vivido.<\/p>\n\n\n\n<h2 class=\"wp-block-heading\" id=\"losses-suffered-by-family-members\">P\u00e9rdidas sufridas por familiares<\/h2>\n\n\n\n<p>Tambi\u00e9n pueden contabilizarse las p\u00e9rdidas sufridas por el c\u00f3nyuge, los hijos o los parientes m\u00e1s pr\u00f3ximos del fallecido, entre las que se incluyen:<\/p>\n\n\n\n<ul class=\"wp-block-list\">\n<li>P\u00e9rdida de apoyo financiero<\/li>\n\n\n\n<li>P\u00e9rdida de servicio<\/li>\n\n\n\n<li>P\u00e9rdida de regalos u otras gratificaciones de valor<\/li>\n\n\n\n<li>P\u00e9rdida de la formaci\u00f3n y orientaci\u00f3n de los padres<\/li>\n\n\n\n<li>P\u00e9rdida de sociedad y compa\u00f1\u00eda<\/li>\n<\/ul>\n\n\n\n<figure class=\"wp-block-image\"><img alt=\"\" loading=\"lazy\" decoding=\"async\" width=\"1024\" height=\"683\" src=\"https:\/\/floreslawmiami.com\/wp-content\/uploads\/2026\/03\/wrongful-death-1024x683-1.png\" class=\"wp-image-1656\" title=\"muerte por negligencia\" srcset=\"https:\/\/floreslawmiami.com\/wp-content\/uploads\/2026\/03\/wrongful-death-1024x683-1.png 1024w, https:\/\/floreslawmiami.com\/wp-content\/uploads\/2026\/03\/wrongful-death-1024x683-1-300x200.png 300w, https:\/\/floreslawmiami.com\/wp-content\/uploads\/2026\/03\/wrongful-death-1024x683-1-768x512.png 768w\" sizes=\"auto, (max-width: 1024px) 100vw, 1024px\" \/><\/figure>\n\n\n\n<h2 class=\"wp-block-heading\" id=\"family-disputes-over-estate-representation\">Disputas familiares sobre representaci\u00f3n patrimonial<\/h2>\n\n\n\n<p>Un aspecto desafortunado de los casos de muerte por negligencia en Florida es que a veces hay disputas entre los miembros de la familia en cuanto a qui\u00e9n ser\u00e1 el representante personal de la herencia, ya que el representante personal elige al abogado y tiene mayor influencia sobre la distribuci\u00f3n de cualquier indemnizaci\u00f3n por da\u00f1os y perjuicios. Estas disputas pueden ser bastante perturbadoras y desagradables cuando las familias parecen m\u00e1s preocupadas por qui\u00e9n se queda con qu\u00e9, que por el hecho de haber perdido a un ser querido para siempre.<\/p>\n\n\n\n<h2 class=\"wp-block-heading\" id=\"compassionate-and-aggressive-representation\">Representaci\u00f3n compasiva y agresiva<\/h2>\n\n\n\n<p>Durante todo el proceso, somos conscientes y sensibles al dolor que sienten los sobrevivientes y ofrecemos una representaci\u00f3n compasiva pero agresiva a lo largo de todo el litigio por homicidio culposo. En el Bufete de Abogados Jorge L. Flores, P.A., nuestro equipo se tomar\u00e1 el tiempo para asegurarse de que entiende todos los aspectos de su caso, para que se sienta c\u00f3modo en cada paso del camino, y en el proceso, vamos a ayudarle a volver su enfoque y atenci\u00f3n de nuevo a sus seres queridos.<\/p>","protected":false},"excerpt":{"rendered":"<p>A Florida Wrongful Death Claim is quite different from other personal injury claims, which means it is easy to become confused, especially in the days following the unexpected loss of a loved one. Our Personalized Approach At the Law Offices of Jorge L. Flores, P.A., we are also different in the way we deal with [&hellip;]<\/p>\n","protected":false},"author":1,"featured_media":0,"parent":0,"menu_order":0,"comment_status":"closed","ping_status":"closed","template":"","meta":{"_seopress_robots_primary_cat":"","_seopress_titles_title":"Wrongful Death Lawyers in Florida | Free Consultation","_seopress_titles_desc":"","_seopress_robots_index":"","_gspb_post_css":"","footnotes":""},"class_list":["post-1651","page","type-page","status-publish","hentry"],"blocksy_meta":[],"_links":{"self":[{"href":"https:\/\/floreslawmiami.com\/es\/wp-json\/wp\/v2\/pages\/1651","targetHints":{"allow":["GET"]}}],"collection":[{"href":"https:\/\/floreslawmiami.com\/es\/wp-json\/wp\/v2\/pages"}],"about":[{"href":"https:\/\/floreslawmiami.com\/es\/wp-json\/wp\/v2\/types\/page"}],"author":[{"embeddable":true,"href":"https:\/\/floreslawmiami.com\/es\/wp-json\/wp\/v2\/users\/1"}],"replies":[{"embeddable":true,"href":"https:\/\/floreslawmiami.com\/es\/wp-json\/wp\/v2\/comments?post=1651"}],"version-history":[{"count":2,"href":"https:\/\/floreslawmiami.com\/es\/wp-json\/wp\/v2\/pages\/1651\/revisions"}],"predecessor-version":[{"id":2132,"href":"https:\/\/floreslawmiami.com\/es\/wp-json\/wp\/v2\/pages\/1651\/revisions\/2132"}],"wp:attachment":[{"href":"https:\/\/floreslawmiami.com\/es\/wp-json\/wp\/v2\/media?parent=1651"}],"curies":[{"name":"wp","href":"https:\/\/api.w.org\/{rel}","templated":true}]}}