{"id":1378,"date":"2026-03-01T17:30:43","date_gmt":"2026-03-01T17:30:43","guid":{"rendered":"https:\/\/floreslawmiami.com\/?page_id=1378"},"modified":"2026-03-10T15:31:04","modified_gmt":"2026-03-10T15:31:04","slug":"revision-gratuita-del-caso","status":"publish","type":"page","link":"https:\/\/floreslawmiami.com\/es\/medical-malpractice\/free-case-review\/","title":{"rendered":"Nuestro proceso legal"},"content":{"rendered":"<h2 class=\"wp-block-heading\" id=\"your-medical-malpractice-case-begins-with-a-single-conversation\">Su caso de negligencia m\u00e9dica comienza con una simple conversaci\u00f3n<\/h2>\n\n\n\n<p>El Bufete de Abogados Jorge L. Flores, P.A., en Miami, Florida, entiende que cuando las familias buscan atenci\u00f3n m\u00e9dica de un proveedor de atenci\u00f3n m\u00e9dica, ponen un extraordinario grado de confianza en la formaci\u00f3n, el juicio y la diligencia de los profesionales que los tratan. Sin embargo, la verdad es que la negligencia m\u00e9dica puede convertir esa confianza en una vida de sufrimiento f\u00edsico, devastaci\u00f3n emocional y abrumadoras dificultades financieras para el paciente y toda la familia.<\/p>\n\n\n\n<p>Los expertos estiman que hasta 10.000 personas mueren cada a\u00f1o s\u00f3lo en el estado de Florida debido a errores m\u00e9dicos evitables, e innumerables m\u00e1s sufren lesiones que alteran fundamentalmente la trayectoria de sus vidas. Proporcionamos una revisi\u00f3n gratuita y completa del caso a cada persona que cree que puede haber sido perjudicada por la negligencia de un profesional m\u00e9dico, porque entendemos que la decisi\u00f3n de presentar una demanda por negligencia m\u00e9dica es una de las m\u00e1s dif\u00edciles a las que se enfrenta una familia.<\/p>\n\n\n\n<hr class=\"wp-block-separator has-alpha-channel-opacity is-style-wide\"\/>\n\n\n\n<blockquote class=\"wp-block-quote is-layout-flow wp-block-quote-is-layout-flow\">\n<p><strong>97%<\/strong> de los pacientes que sufren una lesi\u00f3n m\u00e9dica negligente en Estados Unidos nunca presentan una reclamaci\u00f3n formal.<\/p>\n<\/blockquote>\n\n\n\n<hr class=\"wp-block-separator has-alpha-channel-opacity is-style-wide\"\/>\n\n\n\n<h2 class=\"wp-block-heading\" id=\"what-we-evaluate-during-your-free-consultation\">Qu\u00e9 evaluamos durante su consulta gratuita<\/h2>\n\n\n\n<p><strong>Es importante se\u00f1alar que no todos los malos resultados m\u00e9dicos son en absoluto consecuencia de errores m\u00e9dicos o mala praxis.<\/strong> El cuerpo humano es extraordinariamente complejo, y hay situaciones cl\u00ednicas en las que un m\u00e9dico puede atenerse a todos los protocolos aceptados y aun as\u00ed el paciente puede experimentar un resultado adverso.<\/p>\n\n\n\n<p>Esta es precisamente la raz\u00f3n por la que llevamos a cabo una evaluaci\u00f3n exhaustiva de cada posible caso antes de asesorar a un cliente sobre los m\u00e9ritos de su reclamaci\u00f3n. A nuestros clientes les debemos honestidad por encima de todo. Si las pruebas no apoyan una reclamaci\u00f3n viable, se lo decimos; no les hacemos perder el tiempo ni les damos falsas esperanzas. Si las pruebas apoyan una reclamaci\u00f3n, luchamos por ellos con todo lo que tenemos. <\/p>\n\n\n\n<p><strong>La revisi\u00f3n gratuita del caso abarca un an\u00e1lisis preliminar detallado de los historiales m\u00e9dicos, el historial de tratamiento y las circunstancias cl\u00ednicas que rodean la presunta lesi\u00f3n.<\/strong> En virtud del art\u00edculo 766.203 de los Estatutos de Florida, toda persona que desee presentar una demanda por negligencia m\u00e9dica debe realizar primero una investigaci\u00f3n razonable y obtener un dictamen pericial m\u00e9dico verificado por escrito de un profesional sanitario cualificado que est\u00e9 especializado en la misma especialidad o en una similar a la del posible demandado, tal y como establece el art\u00edculo 766.102 de los Estatutos de Florida.<\/p>\n\n\n\n<p>Contratamos a los mejores expertos m\u00e9dicos, investigadores y profesionales jur\u00eddicos del sector para evaluar si el m\u00e9dico tratante o el centro sanitario incumplieron las normas de atenci\u00f3n aceptadas y si dicho incumplimiento caus\u00f3 la lesi\u00f3n del paciente. Este enfoque meticuloso asegura que cada aspecto del caso sea examinado a fondo y que nuestros clientes reciban una evaluaci\u00f3n honesta e informada de sus opciones legales desde la primera conversaci\u00f3n.<\/p>\n\n\n\n<hr class=\"wp-block-separator has-alpha-channel-opacity is-style-wide\"\/>\n\n\n\n<blockquote class=\"wp-block-quote is-layout-flow wp-block-quote-is-layout-flow\">\n<p><strong>Error com\u00fan:<\/strong> \u201cMi m\u00e9dico cometi\u00f3 un error, pero probablemente no fue tan grave como para justificar una demanda\u201d.\u201d<\/p>\n\n\n\n<p><strong>La realidad:<\/strong> Las investigaciones demuestran sistem\u00e1ticamente que la inmensa mayor\u00eda de los pacientes que sufren una lesi\u00f3n m\u00e9dica por negligencia nunca interponen una demanda, a menudo porque no reconocen las se\u00f1ales cl\u00ednicas de advertencia de mala praxis. Estas se\u00f1ales de advertencia pueden manifestarse de diversas formas, entre otras, complicaciones inesperadas tras un procedimiento rutinario, un cambio repentino e inexplicable en la conducta de un proveedor, cirug\u00edas correctivas adicionales que no formaban parte del plan de tratamiento original, o un empeoramiento del estado de salud a pesar del cumplimiento del tratamiento prescrito. Si alguna de estas circunstancias le resulta familiar, puede tener una reclamaci\u00f3n viable, y le animamos a que se ponga en contacto con nuestro bufete para una evaluaci\u00f3n confidencial.<\/p>\n<\/blockquote>\n\n\n\n<hr class=\"wp-block-separator has-alpha-channel-opacity is-style-wide\"\/>\n\n\n\n<h2 class=\"wp-block-heading\" id=\"critical-deadlines-you-cannot-afford-to-miss\">Plazos cr\u00edticos que no puede permitirse perder<\/h2>\n\n\n\n<p><strong>La legislaci\u00f3n de Florida impone estrictos l\u00edmites temporales a las demandas por negligencia m\u00e9dica que, si se incumplen, eliminan definitivamente el derecho a solicitar una indemnizaci\u00f3n.<\/strong><\/p>\n\n\n\n<figure class=\"wp-block-image size-large has-custom-border\"><img alt=\"\" loading=\"lazy\" decoding=\"async\" width=\"1024\" height=\"469\" src=\"https:\/\/floreslawmiami.com\/wp-content\/uploads\/2026\/03\/statue-of-limitations-1024x469.webp\" class=\"wp-image-1511\" style=\"border-top-left-radius:30px;border-top-right-radius:30px;border-bottom-left-radius:30px;border-bottom-right-radius:30px\" srcset=\"https:\/\/floreslawmiami.com\/wp-content\/uploads\/2026\/03\/statue-of-limitations-1024x469.webp 1024w, https:\/\/floreslawmiami.com\/wp-content\/uploads\/2026\/03\/statue-of-limitations-300x138.webp 300w, https:\/\/floreslawmiami.com\/wp-content\/uploads\/2026\/03\/statue-of-limitations-768x352.webp 768w, https:\/\/floreslawmiami.com\/wp-content\/uploads\/2026\/03\/statue-of-limitations-1536x704.webp 1536w, https:\/\/floreslawmiami.com\/wp-content\/uploads\/2026\/03\/statue-of-limitations-2048x939.webp 2048w\" sizes=\"auto, (max-width: 1024px) 100vw, 1024px\" \/><\/figure>\n\n\n\n<p>En virtud del art\u00edculo 95.11 de los Estatutos de Florida, una acci\u00f3n por negligencia m\u00e9dica debe iniciarse, por lo general, en el plazo de dos a\u00f1os a partir del momento en que se descubre el incidente, o en que deber\u00eda haberse descubierto con la debida diligencia. Adem\u00e1s, con independencia del momento en que se descubra realmente el da\u00f1o, la ley de caducidad establece que en ning\u00fan caso podr\u00e1 iniciarse la acci\u00f3n despu\u00e9s de transcurridos cuatro a\u00f1os desde la fecha del incidente o suceso que dio lugar a la causa de la acci\u00f3n. La \u00fanica excepci\u00f3n a este plazo absoluto se refiere a los hijos menores de edad, para quienes la ley de caducidad no excluye una acci\u00f3n presentada antes de que el ni\u00f1o cumpla ocho a\u00f1os.<\/p>\n\n\n\n<p>Estos plazos son implacables. Debido a que el proceso de investigaci\u00f3n previa a la demanda obligatoria en virtud del art\u00edculo 766.106 de los Estatutos de Florida requiere un per\u00edodo de notificaci\u00f3n de 90 d\u00edas antes de que se pueda presentar una demanda, es imperativo consultar pronto con nuestro bufete para preservar sus derechos y proteger el futuro de su familia. Nos negamos a permitir que una fecha l\u00edmite destruya una reclamaci\u00f3n meritoria, por lo que instamos a todos los posibles clientes a ponerse en contacto con nosotros tan pronto como sospechen de una negligencia m\u00e9dica.<\/p>\n\n\n\n<hr class=\"wp-block-separator has-alpha-channel-opacity is-style-wide\"\/>\n\n\n\n<blockquote class=\"wp-block-quote is-layout-flow wp-block-quote-is-layout-flow\">\n<p><strong>Nunca pagar\u00e1 honorarios a menos que obtengamos una indemnizaci\u00f3n en su nombre.<\/strong> Manejamos todos los casos de negligencia m\u00e9dica en base a honorarios de contingencia, lo que significa que la firma adelanta todos los costos de la investigaci\u00f3n, incluyendo la retenci\u00f3n de expertos m\u00e9dicos, la recuperaci\u00f3n de registros m\u00e9dicos certificados, y todos los gastos de presentaci\u00f3n. Usted no paga nada de su bolsillo, y no debe nada a menos que y hasta que logremos un resultado exitoso en su caso.<\/p>\n<\/blockquote>\n\n\n\n<hr class=\"wp-block-separator has-alpha-channel-opacity is-style-wide\"\/>\n\n\n\n<blockquote class=\"wp-block-quote is-layout-flow wp-block-quote-is-layout-flow\">\n<p><strong>Es importante se\u00f1alar<\/strong> que la Oficina de Regulaci\u00f3n de Seguros de Florida informa de que las aseguradoras de negligencia m\u00e9dica pagaron m\u00e1s de $1,16 mil millones en indemnizaciones a trav\u00e9s de 890 reclamaciones pagadas en el a\u00f1o de notificaci\u00f3n m\u00e1s reciente, con una media de pago en todo el estado superior a $1,3 millones por reclamaci\u00f3n con \u00e9xito. Los demandantes de Florida consiguen una recuperaci\u00f3n econ\u00f3mica en aproximadamente 47% a 51% de los casos cerrados, una tasa significativamente superior a la media nacional, precisamente porque s\u00f3lo las demandas m\u00e1s minuciosamente examinadas y meritorias sobreviven al riguroso proceso previo a la demanda. Aplicamos este mismo nivel de investigaci\u00f3n meticulosa a cada caso desde la consulta inicial.<\/p>\n<\/blockquote>\n\n\n\n<hr class=\"wp-block-separator has-alpha-channel-opacity is-style-wide\"\/>\n\n\n\n<h2 class=\"wp-block-heading\" id=\"take-the-first-step-toward-justice\">D\u00e9 el primer paso hacia la justicia<\/h2>\n\n\n\n<p>No todos los resultados m\u00e9dicos que causan da\u00f1os son consecuencia de una negligencia, y no todas las situaciones justifican la interposici\u00f3n de una demanda por negligencia m\u00e9dica. Sin embargo, si usted cree que sus lesiones fueron causadas por la negligencia de un proveedor de atenci\u00f3n m\u00e9dica, incluyendo, pero no limitado a, un m\u00e9dico, cirujano, anestesi\u00f3logo, enfermera, hospital o centro quir\u00fargico ambulatorio, es imperativo que se ponga en contacto con nuestra firma tan pronto como sea posible para evaluar su situaci\u00f3n antes de que venzan los plazos cr\u00edticos. Es posible que podamos ayudarle a determinar el mejor curso de acci\u00f3n. Trabajaremos duro para lograr el mejor resultado posible, ya sea en un juicio o a trav\u00e9s de un acuerdo, porque creemos que cada v\u00edctima lesionada y su familia en toda la Florida merece el acceso a la representaci\u00f3n legal de la m\u00e1s alta calidad y la m\u00e1xima compensaci\u00f3n disponible bajo la ley.<\/p>\n\n\n\n<p><strong>Llame a las Oficinas Legales de Jorge L. Flores, P.A., hoy para su revisi\u00f3n gratuita y confidencial de su caso.<\/strong><\/p>","protected":false},"excerpt":{"rendered":"<p>La negligencia m\u00e9dica devasta familias en toda la Florida cada a\u00f1o. El Bufete de Abogados Jorge L. Flores, P.A., ofrece una revisi\u00f3n gratuita y confidencial de su caso para determinar si usted tiene una demanda viable por negligencia.<\/p>","protected":false},"author":1,"featured_media":1509,"parent":1744,"menu_order":0,"comment_status":"closed","ping_status":"closed","template":"","meta":{"_seopress_robots_primary_cat":"","_seopress_titles_title":"Free Medical Malpractice Case Review | Jorge L. Flores, P.A.","_seopress_titles_desc":"Injured by a medical error in Florida? Get a free, confidential case review from the Law Offices of Jorge L. Flores, P.A. No fee unless we recover for you.","_seopress_robots_index":"","_gspb_post_css":"","footnotes":""},"class_list":["post-1378","page","type-page","status-publish","has-post-thumbnail","hentry"],"blocksy_meta":[],"_links":{"self":[{"href":"https:\/\/floreslawmiami.com\/es\/wp-json\/wp\/v2\/pages\/1378","targetHints":{"allow":["GET"]}}],"collection":[{"href":"https:\/\/floreslawmiami.com\/es\/wp-json\/wp\/v2\/pages"}],"about":[{"href":"https:\/\/floreslawmiami.com\/es\/wp-json\/wp\/v2\/types\/page"}],"author":[{"embeddable":true,"href":"https:\/\/floreslawmiami.com\/es\/wp-json\/wp\/v2\/users\/1"}],"replies":[{"embeddable":true,"href":"https:\/\/floreslawmiami.com\/es\/wp-json\/wp\/v2\/comments?post=1378"}],"version-history":[{"count":2,"href":"https:\/\/floreslawmiami.com\/es\/wp-json\/wp\/v2\/pages\/1378\/revisions"}],"predecessor-version":[{"id":1512,"href":"https:\/\/floreslawmiami.com\/es\/wp-json\/wp\/v2\/pages\/1378\/revisions\/1512"}],"up":[{"embeddable":true,"href":"https:\/\/floreslawmiami.com\/es\/wp-json\/wp\/v2\/pages\/1744"}],"wp:featuredmedia":[{"embeddable":true,"href":"https:\/\/floreslawmiami.com\/es\/wp-json\/wp\/v2\/media\/1509"}],"wp:attachment":[{"href":"https:\/\/floreslawmiami.com\/es\/wp-json\/wp\/v2\/media?parent=1378"}],"curies":[{"name":"wp","href":"https:\/\/api.w.org\/{rel}","templated":true}]}}