{"id":11,"date":"2025-08-18T11:08:56","date_gmt":"2025-08-18T11:08:56","guid":{"rendered":"https:\/\/startersites.io\/blocksy\/landscape\/?page_id=11"},"modified":"2026-03-26T17:59:42","modified_gmt":"2026-03-26T17:59:42","slug":"acerca-de","status":"publish","type":"page","link":"https:\/\/floreslawmiami.com\/es\/about\/","title":{"rendered":"Acerca de"},"content":{"rendered":"<h1 class=\"wp-block-heading has-text-align-center has-text-color\" id=\"jorge-l-flores\" style=\"color:#555555;font-size:clamp(14px, 0.875rem + ((1vw - 3.2px) * 0.313), 18px);font-weight:700;letter-spacing:2.5px;text-transform:uppercase\">JORGE L. FLORES, ESQ.<\/h1>\n\n\n\n<hr class=\"wp-block-separator has-alpha-channel-opacity is-style-wide\"\/>\n\n\n\n<div class=\"wp-block-greenshift-blocks-image gspb_image gspb_image-id-gsbp-5306163\" id=\"gspb_image-id-gsbp-5306163\"><img decoding=\"async\" src=\"https:\/\/floreslawmiami.com\/wp-content\/uploads\/2026\/03\/Jorge-L-Flores-PA-headshot.webp\" data-src=\"\" alt=\"\" loading=\"lazy\" width=\"800px\" height=\"400\"\/><\/div>\n\n\n\n<div class=\"wp-block-group is-layout-constrained wp-block-group-is-layout-constrained\" style=\"margin-bottom:12px\">\n<p class=\"has-text-color\" style=\"color:#6d6560;font-size:14px\"><strong>El Bufete de Abogados Jorge L. Flores, P.A.<\/strong> - Miami, Florida - <em>\u00daltima actualizaci\u00f3n: Marzo 2026<\/em><\/p>\n<\/div>\n\n\n\n<p class=\"has-text-color\" style=\"color:#6d6560;font-size:clamp(14px, 0.875rem + ((1vw - 3.2px) * 0.469), 20px);font-style:italic;font-weight:500\">Ayudar a los clientes con compasi\u00f3n y justicia.<\/p>\n\n\n\n<p>Jorge L. Flores asisti\u00f3 a la Facultad de Derecho de la Universidad Estatal de Florida desde 1987 hasta 1990. En 1989, como estudiante de tercer a\u00f1o de derecho, el Sr. Flores fue certificado por la Corte Suprema de Florida como pasante para trabajar como asistente del fiscal del estado en la Divisi\u00f3n de Delitos Graves de la Oficina del Fiscal del Estado de Miami-Dade, 11 \u00ba Circuito, Miami, Florida.<\/p>\n\n\n\n<p>Como asistente del fiscal del estado, el Sr. Flores adquiri\u00f3 una valiosa experiencia en el enjuiciamiento de casos de delitos graves, que ahora utiliza en su trabajo. <a href=\"\/es\/negligencia-medica\/\">mala pr\u00e1ctica<\/a> y la pr\u00e1ctica de lesiones personales.<\/p>\n\n\n\n<div class=\"wp-block-group has-background is-layout-flow wp-block-group-is-layout-flow\" style=\"border-left-color:#1B4F72;border-left-width:4px;background-color:#F5F0E8;margin-top:24px;margin-bottom:28px;padding-top:24px;padding-right:28px;padding-bottom:24px;padding-left:28px\">\n<p class=\"has-text-color\" style=\"color:#1B4F72;font-size:12px;font-weight:700;letter-spacing:1.5px;text-transform:uppercase\">Ventaja interior<\/p>\n\n\n\n<p style=\"font-size:clamp(14px, 0.875rem + ((1vw - 3.2px) * 0.234), 17px);line-height:1.8\">El abogado Flores trabaj\u00f3 como abogado en una firma de defensa de seguros de primera categor\u00eda en Miami, donde aprendi\u00f3 de primera mano c\u00f3mo operan los abogados defensores, c\u00f3mo eval\u00faan las reclamaciones y c\u00f3mo defienden los casos de negligencia m\u00e9dica y lesiones personales. Esa experiencia desde el otro lado de la mesa es la base de cada estrategia de caso que el Bufete de Abogados de Jorge L. Flores, P.A., construye hoy.<\/p>\n<\/div>\n\n\n\n<h2 class=\"wp-block-heading has-text-align-center has-text-color\" id=\"relationships\" style=\"color:#555555;font-size:clamp(14px, 0.875rem + ((1vw - 3.2px) * 0.313), 18px);font-weight:700;letter-spacing:2.5px;text-transform:uppercase\">RELACIONES BASADAS EN EL RESPETO MUTUO<\/h2>\n\n\n\n<hr class=\"wp-block-separator has-alpha-channel-opacity is-style-wide\"\/>\n\n\n\n<p>M\u00e1s all\u00e1 de la formaci\u00f3n y experiencia del Sr. Flores como especialista en negligencias m\u00e9dicas, lesiones personales, y <a href=\"\/es\/muerte-por-negligencia-florida\/\">muerte por negligencia<\/a> abogado, ha desarrollado una relaci\u00f3n de trabajo amistosa con la mayor\u00eda de los abogados defensores y sus respectivos bufetes, as\u00ed como relaciones muy sanas con los peritos del sector, ambas bien cimentadas en el respeto mutuo y la profesionalidad.<\/p>\n\n\n\n<h2 class=\"wp-block-heading has-text-align-center has-text-color\" id=\"experience\" style=\"color:#555555;font-size:clamp(14px, 0.875rem + ((1vw - 3.2px) * 0.313), 18px);font-weight:700;letter-spacing:2.5px;text-transform:uppercase\">M\u00c1S DE 30 A\u00d1OS DE EXPERIENCIA JUR\u00cdDICA<\/h2>\n\n\n\n<hr class=\"wp-block-separator has-alpha-channel-opacity is-style-wide\"\/>\n\n\n\n<p>Ahora, el Sr. Flores utiliza ese conocimiento, experiencia y relaciones personales que representan a personas y familias que han sufrido lesiones graves, o incluso la muerte, por negligencia m\u00e9dica, negligencia de seguridad, accidentes automovil\u00edsticos, accidentes de camiones, resbalones y ca\u00eddas, y las lesiones causadas por la negligencia o actos intencionales de otros.<\/p>\n\n\n\n<p><strong>Jorge L. Flores es el abogado tenaz y agresivo que usted necesita de su lado.<\/strong> Nuestro objetivo en el Bufete de Abogados de Jorge L. Flores, P.A., es proporcionar un servicio excepcional a los clientes en toda la Florida y ayudarles a obtener el m\u00e1s alto <a href=\"\/es\/negligencia-medica\/tipos-compensacion-negligencia-florida\/\">compensaci\u00f3n<\/a> disponible.<\/p>\n\n\n\n<h2 class=\"wp-block-heading has-text-align-center has-text-color\" id=\"admissions\" style=\"color:#555555;font-size:clamp(14px, 0.875rem + ((1vw - 3.2px) * 0.313), 18px);font-weight:700;letter-spacing:2.5px;text-transform:uppercase\">ADMISIONES JUDICIALES Y COLEGIACIONES<\/h2>\n\n\n\n<hr class=\"wp-block-separator has-alpha-channel-opacity is-style-wide\"\/>\n\n\n\n<p>El Sr. Flores ha sido admitido a ejercer la abogac\u00eda en todos los tribunales de Florida, y a nivel federal, ha sido admitido a ejercer en los siguientes:<\/p>\n\n\n\n<div class=\"wp-block-columns is-layout-flex wp-container-core-columns-is-layout-2d1b56b9 wp-block-columns-is-layout-flex\" style=\"margin-top:24px;margin-bottom:24px\">\n<div class=\"wp-block-column has-background is-layout-flow wp-block-column-is-layout-flow\" style=\"border-top-color:#1B4F72;border-top-width:3px;background-color:#f4f7fa;padding-top:20px;padding-right:20px;padding-bottom:20px;padding-left:20px\">\n<p class=\"has-text-color\" style=\"color:#1B4F72;margin-bottom:12px;font-size:12px;font-weight:700;letter-spacing:1px;text-transform:uppercase\">Admisiones en los tribunales federales<\/p>\n\n\n\n<p style=\"font-size:clamp(14px, 0.875rem + ((1vw - 3.2px) * 0.078), 15px);line-height:2\">Tribunal Supremo de Estados Unidos<br>Tribunal de Apelaci\u00f3n del Und\u00e9cimo Circuito de Estados Unidos<br>Tribunal de Distrito de los Estados Unidos, Distrito Sur de Florida<br>Tribunal de Distrito de los Estados Unidos, Distrito Medio de Florida<\/p>\n<\/div>\n\n\n\n<div class=\"wp-block-column has-background is-layout-flow wp-block-column-is-layout-flow\" style=\"border-top-color:#C8A961;border-top-width:3px;background-color:#f4f7fa;padding-top:20px;padding-right:20px;padding-bottom:20px;padding-left:20px\">\n<p class=\"has-text-color\" style=\"color:#1B4F72;margin-bottom:12px;font-size:12px;font-weight:700;letter-spacing:1px;text-transform:uppercase\">Pertenencia a colegios de abogados<\/p>\n\n\n\n<p style=\"font-size:clamp(14px, 0.875rem + ((1vw - 3.2px) * 0.078), 15px);line-height:2\">El Colegio de Abogados de Florida<br>Asociaci\u00f3n Americana de Abogados<br>Asociaci\u00f3n Cubano Americana de Abogados<br>Colegio de Abogados del Condado de Dade<br>Asociaci\u00f3n de Justicia de Florida<\/p>\n<\/div>\n<\/div>\n\n\n\n<h2 class=\"wp-block-heading has-text-align-center has-text-color\" id=\"testimonials\" style=\"color:#555555;font-size:clamp(14px, 0.875rem + ((1vw - 3.2px) * 0.313), 18px);font-weight:700;letter-spacing:2.5px;text-transform:uppercase\">LO QUE DICEN NUESTROS CLIENTES<\/h2>\n\n\n\n<hr class=\"wp-block-separator has-alpha-channel-opacity is-style-wide\"\/>\n\n\n\n<div class=\"wp-block-group has-background is-layout-flow wp-block-group-is-layout-flow\" style=\"border-left-color:#C8A961;border-left-width:4px;background-color:#F5F0E8;margin-bottom:16px;padding-top:24px;padding-right:28px;padding-bottom:24px;padding-left:28px\">\n<p style=\"font-size:clamp(14px, 0.875rem + ((1vw - 3.2px) * 0.234), 17px);font-style:italic;line-height:1.8\">\u201cNunca en mi vida pens\u00e9 que pasar\u00eda por el proceso de un derrame cerebral mal diagnosticado, y que me cambiar\u00eda la vida por completo 100%. Pero sin usted, sin sus conocimientos y experiencia, sin su total dedicaci\u00f3n a mi caso, y sin su maravilloso personal, los maravillosos resultados obtenidos no habr\u00edan sido posibles. Habr\u00eda continuado con mi recuperaci\u00f3n, pero con dificultades y graves tensiones financieras, y seguro que mi estado de \u00e1nimo y mi motivaci\u00f3n no habr\u00edan sido los mismos. Casi dos a\u00f1os despu\u00e9s, tengo la casa de mis sue\u00f1os, el futuro de mis hijos est\u00e1 financieramente asegurado y dispongo de las herramientas para recuperarme de la mejor manera posible. Dios ha sido sumamente misericordioso conmigo y con mi familia, utiliz\u00e1ndoles para llevar a cabo la transformaci\u00f3n radical de nuestras vidas que necesit\u00e1bamos en unos momentos muy dif\u00edciles. Estoy segura de que no podr\u00edamos haber encontrado las cualidades humanas que usted posee, en ning\u00fan otro abogado; y el sentido de confianza que su asistente legal, Marie Lisette, nos dio, desde el d\u00eda en que la conocimos, fue extraordinario. Todo lo que Dios permite sucede por una raz\u00f3n, y en este caso, siento que en realidad estamos sacando m\u00e1s de esta experiencia de lo que estamos perdiendo. Hemos desarrollado una amistad maravillosa y siempre estaremos a su lado\u201d.\u201d<\/p>\n\n\n\n<p class=\"has-text-color\" style=\"color:#1B4F72;margin-top:8px;font-size:14px;font-weight:600\">K.B. - Cliente de negligencia m\u00e9dica<\/p>\n<\/div>\n\n\n\n<div class=\"wp-block-group has-background is-layout-flow wp-block-group-is-layout-flow\" style=\"border-left-color:#1B4F72;border-left-width:4px;background-color:#f4f7fa;margin-bottom:16px;padding-top:24px;padding-right:28px;padding-bottom:24px;padding-left:28px\">\n<p style=\"font-size:clamp(14px, 0.875rem + ((1vw - 3.2px) * 0.234), 17px);font-style:italic;line-height:1.8\">\u201cEl Sr. Flores y su maravilloso equipo siempre buscaron la excelencia y la satisfacci\u00f3n en cada momento del proceso, asegur\u00e1ndose de que cada reuni\u00f3n estuviera siempre marcada por la confianza, el respeto y la transparencia. Su constante deseo de buscar el bienestar, la justicia y la tranquilidad de nuestra familia fue siempre inquebrantable, creando lazos que unieron a todos como una gran familia.\u201d<\/p>\n\n\n\n<p class=\"has-text-color\" style=\"color:#1B4F72;margin-top:8px;font-size:14px;font-weight:600\">C.G. - Justicia y compasi\u00f3n<\/p>\n<\/div>\n\n\n\n<div class=\"wp-block-group has-background is-layout-flow wp-block-group-is-layout-flow\" style=\"border-left-color:#C8A961;border-left-width:4px;background-color:#F5F0E8;margin-bottom:16px;padding-top:24px;padding-right:28px;padding-bottom:24px;padding-left:28px\">\n<p style=\"font-size:clamp(14px, 0.875rem + ((1vw - 3.2px) * 0.234), 17px);font-style:italic;line-height:1.8\">\u201cNo tienen nada m\u00e1s que clase. Se los recomendar\u00eda encarecidamente a cualquiera en el sur de FL; especialmente si usted es hispanohablante. \u00a1Profesionales trabajando! Estoy incre\u00edblemente agradecida a Dios por haberme permitido conocer al abogado Jorge L. Flores durante una \u00e9poca que fue dif\u00edcil y cruel a partes iguales. El Sr. Flores y su equipo son las personas m\u00e1s excepcionales por su inquebrantable dedicaci\u00f3n a luchar por mi esposo y por m\u00ed. El Sr. Flores es un verdadero profesional, que tambi\u00e9n es una persona de gran inteligencia y paciencia. Le recomendamos de todo coraz\u00f3n, ya que sus servicios son inigualables. Este abogado cuida de sus clientes con el mismo fervor que un tigre protege a sus cachorros\u201d.\u201d<\/p>\n\n\n\n<p class=\"has-text-color\" style=\"color:#1B4F72;margin-top:8px;font-size:14px;font-weight:600\">E.P. - Profesionales trabajando<\/p>\n<\/div>\n\n\n\n<div class=\"wp-block-columns is-layout-flex wp-container-core-columns-is-layout-7baa01f5 wp-block-columns-is-layout-flex\" style=\"margin-top:16px;margin-bottom:24px\">\n<div class=\"wp-block-column has-background is-layout-flow wp-block-column-is-layout-flow\" style=\"border-top-color:#1B4F72;border-top-width:3px;background-color:#f4f7fa;padding-top:20px;padding-right:20px;padding-bottom:20px;padding-left:20px\">\n<p style=\"font-size:clamp(14px, 0.875rem + ((1vw - 3.2px) * 0.078), 15px);font-style:italic;line-height:1.7\">\u201cRecomiendo encarecidamente este bufete de abogados su servicio al cliente es constantemente excepcional, superando mis expectativas cada vez. Lo que m\u00e1s me gust\u00f3 fue que me trataron como de la familia\u201d.\u201d<\/p>\n\n\n\n<p class=\"has-text-color\" style=\"color:#1B4F72;margin-top:8px;font-size:13px;font-weight:600\">R.H.<\/p>\n<\/div>\n\n\n\n<div class=\"wp-block-column has-background is-layout-flow wp-block-column-is-layout-flow\" style=\"border-top-color:#C8A961;border-top-width:3px;background-color:#f4f7fa;padding-top:20px;padding-right:20px;padding-bottom:20px;padding-left:20px\">\n<p style=\"font-size:clamp(14px, 0.875rem + ((1vw - 3.2px) * 0.078), 15px);font-style:italic;line-height:1.7\">\u201cEste abogado es muy muy profesional y honesto y atento se aseguran de que usted obtenga la atenci\u00f3n profesional que necesita. Recomiendo al abogado Jorge Flores a todos en South Dade Florida\u201d.\u201d<\/p>\n\n\n\n<p class=\"has-text-color\" style=\"color:#1B4F72;margin-top:8px;font-size:13px;font-weight:600\">N.O.<\/p>\n<\/div>\n\n\n\n<div class=\"wp-block-column has-background is-layout-flow wp-block-column-is-layout-flow\" style=\"border-top-color:#1B4F72;border-top-width:3px;background-color:#f4f7fa;padding-top:20px;padding-right:20px;padding-bottom:20px;padding-left:20px\">\n<p style=\"font-size:clamp(14px, 0.875rem + ((1vw - 3.2px) * 0.078), 15px);font-style:italic;line-height:1.7\">\u201cEl Sr. y la Sra. Flores son excelentes en lo que hacen. Son muy amables y luchar\u00e1n por todo lo que legalmente le corresponde. Altamente recomendado\u201d.\u201d<\/p>\n\n\n\n<p class=\"has-text-color\" style=\"color:#1B4F72;margin-top:8px;font-size:13px;font-weight:600\">C.L.<\/p>\n<\/div>\n<\/div>\n\n\n\n<div class=\"wp-block-columns is-layout-flex wp-container-core-columns-is-layout-3df7cdf0 wp-block-columns-is-layout-flex\" style=\"margin-bottom:24px\">\n<div class=\"wp-block-column has-background is-layout-flow wp-block-column-is-layout-flow\" style=\"border-top-color:#C8A961;border-top-width:3px;background-color:#f4f7fa;padding-top:20px;padding-right:20px;padding-bottom:20px;padding-left:20px\">\n<p style=\"font-size:clamp(14px, 0.875rem + ((1vw - 3.2px) * 0.078), 15px);font-style:italic;line-height:1.7\">\u201cExcelente abogado, muy profesional en todos los aspectos, muy amable y atento con sus clientes, el personal es el mejor\u201d.\u201d<\/p>\n\n\n\n<p class=\"has-text-color\" style=\"color:#1B4F72;margin-top:8px;font-size:13px;font-weight:600\">L.S.<\/p>\n<\/div>\n\n\n\n<div class=\"wp-block-column has-background is-layout-flow wp-block-column-is-layout-flow\" style=\"border-top-color:#1B4F72;border-top-width:3px;background-color:#f4f7fa;padding-top:20px;padding-right:20px;padding-bottom:20px;padding-left:20px\">\n<p style=\"font-size:clamp(14px, 0.875rem + ((1vw - 3.2px) * 0.078), 15px);font-style:italic;line-height:1.7\">\u201cMuy agradecido por los servicios prestados por el abogado Jorge L. Flores y todo su equipo, quienes desde el primer momento llevaron mi caso con gran profesionalismo, logrando resultados satisfactorios.\u201d<\/p>\n\n\n\n<p class=\"has-text-color\" style=\"color:#1B4F72;margin-top:8px;font-size:13px;font-weight:600\">M.L.<\/p>\n<\/div>\n<\/div>\n\n\n\n<p class=\"has-text-color\" style=\"color:#999999;margin-bottom:28px;font-size:13px;font-style:italic\">Todas las rese\u00f1as que aparecen en este sitio web son de personas reales ayudadas por nuestros abogados.<\/p>\n\n\n\n<div class=\"wp-block-group has-background is-layout-flow wp-block-group-is-layout-flow\" style=\"background-color:#1B4F72;margin-top:28px;margin-bottom:28px;padding-top:16px;padding-right:24px;padding-bottom:16px;padding-left:24px\">\n<p class=\"has-text-align-center has-text-color\" style=\"color:#f8f6f2;font-size:clamp(14px, 0.875rem + ((1vw - 3.2px) * 0.156), 16px);\">Si usted o un ser querido ha sufrido lesiones graves por negligencia ajena, <a style=\"color:#d4a017;font-weight:600;text-decoration:underline\" href=\"\/es\/pongase-en-contacto-con\/\">p\u00f3ngase en contacto con el Bufete de Abogados de Jorge L. Flores, P.A.<\/a> para una consulta gratuita.<\/p>\n<\/div>\n\n\n\n<div class=\"wp-block-group has-border-color is-layout-flow wp-block-group-is-layout-flow\" style=\"border-color:#E3E8ED;border-width:1px;margin-top:24px;margin-bottom:36px;padding-top:40px;padding-right:28px;padding-bottom:40px;padding-left:28px\">\n<p class=\"has-text-align-center has-text-color\" style=\"color:#1a1a2e;font-size:clamp(15.747px, 0.984rem + ((1vw - 3.2px) * 0.645), 24px);font-weight:600\">El Bufete de Abogados Jorge L. Flores, P.A., ofrece representaci\u00f3n compasiva pero agresiva a las personas y familias en todo el Estado de la Florida que han sufrido lesiones graves causadas por la negligencia o actos intencionales de otros.<\/p>\n\n\n\n<p class=\"has-text-align-center has-text-color\" style=\"color:#555555;font-size:clamp(14px, 0.875rem + ((1vw - 3.2px) * 0.156), 16px);line-height:1.7\">Desde nuestras oficinas en Miami, Florida, avanzamos todos <a href=\"\/es\/negligencia-medica\/costes-que-cubrimos-florida\/\">costos<\/a>, Contratamos a expertos m\u00e9dicos certificados y preparamos cada caso sabiendo que ser\u00e1 juzgado ante un jurado. Usted no paga nada a menos que recuperemos la indemnizaci\u00f3n.<\/p>\n\n\n\n<div class=\"wp-block-buttons is-content-justification-center is-layout-flex wp-container-core-buttons-is-layout-a89b3969 wp-block-buttons-is-layout-flex\">\n<div class=\"wp-block-button\"><a class=\"wp-block-button__link has-text-color has-background has-custom-font-size wp-element-button\" href=\"\/es\/pongase-en-contacto-con\/\" style=\"color:#FFFFFF;background-color:#1B4F72;padding-top:11px;padding-right:28px;padding-bottom:11px;padding-left:28px;font-size:11.5px;font-weight:600;letter-spacing:1.4px;text-transform:uppercase\">Solicite una consulta gratuita<\/a><\/div>\n<\/div>\n<\/div>\n\n\n\n<p class=\"has-text-color\" style=\"color:#6d6560;margin-top:40px;font-size:14px\">Relacionado: <a href=\"\/es\/negligencia-medica\/\">Mala Pr\u00e1ctica M\u00e9dica<\/a> \u00b7 <a href=\"\/es\/muerte-por-negligencia-florida\/\">Muerte injusta<\/a> \u00b7 <a href=\"\/es\/negligencia-medica\/nuestro-enfoque\/\">Nuestro enfoque<\/a> \u00b7 <a href=\"\/es\/negligencia-medica\/como-nos-pagan-florida\/\">C\u00f3mo cobramos<\/a> \u00b7 <a href=\"\/es\/negligencia-medica\/costes-que-cubrimos-florida\/\">Gastos cubiertos<\/a><\/p>","protected":false},"excerpt":{"rendered":"<p>JORGE L. FLORES, ESQ. Law Offices of Jorge L. Flores, P.A. \u00b7 Miami, Florida \u00b7 Last Updated: March 2026 Helping clients with compassion and justice. Jorge L. Flores attended The Florida State University College of Law from 1987 until 1990. In 1989, as a third year law student, Mr. Flores was certified by the Florida [&hellip;]<\/p>\n","protected":false},"author":1,"featured_media":0,"parent":0,"menu_order":0,"comment_status":"closed","ping_status":"closed","template":"","meta":{"_seopress_robots_primary_cat":"","_seopress_titles_title":"","_seopress_titles_desc":"","_seopress_robots_index":"","_gspb_post_css":"#gspb_image-id-gsbp-5306163 img{vertical-align:top;display:inline-block;box-sizing:border-box;max-width:100%;border-top-left-radius:20px;border-top-right-radius:20px;border-bottom-right-radius:20px;border-bottom-left-radius:20px;width:800px;height:auto}#gspb_image-id-gsbp-5306163{height:auto}@media (max-width:991.98px){#gspb_image-id-gsbp-5306163,#gspb_image-id-gsbp-5306163 img{height:auto}}@media (max-width:767.98px){#gspb_image-id-gsbp-5306163,#gspb_image-id-gsbp-5306163 img{height:auto}}@media (max-width:575.98px){#gspb_image-id-gsbp-5306163,#gspb_image-id-gsbp-5306163 img{height:auto}}","footnotes":""},"class_list":["post-11","page","type-page","status-publish","hentry"],"blocksy_meta":{"has_hero_section":"disabled","vertical_spacing_source":"custom","content_area_spacing":"none","styles_descriptor":{"styles":{"desktop":"","tablet":"","mobile":""},"google_fonts":[],"version":6}},"_links":{"self":[{"href":"https:\/\/floreslawmiami.com\/es\/wp-json\/wp\/v2\/pages\/11","targetHints":{"allow":["GET"]}}],"collection":[{"href":"https:\/\/floreslawmiami.com\/es\/wp-json\/wp\/v2\/pages"}],"about":[{"href":"https:\/\/floreslawmiami.com\/es\/wp-json\/wp\/v2\/types\/page"}],"author":[{"embeddable":true,"href":"https:\/\/floreslawmiami.com\/es\/wp-json\/wp\/v2\/users\/1"}],"replies":[{"embeddable":true,"href":"https:\/\/floreslawmiami.com\/es\/wp-json\/wp\/v2\/comments?post=11"}],"version-history":[{"count":28,"href":"https:\/\/floreslawmiami.com\/es\/wp-json\/wp\/v2\/pages\/11\/revisions"}],"predecessor-version":[{"id":2163,"href":"https:\/\/floreslawmiami.com\/es\/wp-json\/wp\/v2\/pages\/11\/revisions\/2163"}],"wp:attachment":[{"href":"https:\/\/floreslawmiami.com\/es\/wp-json\/wp\/v2\/media?parent=11"}],"curies":[{"name":"wp","href":"https:\/\/api.w.org\/{rel}","templated":true}]}}